{"id":3550,"date":"2020-11-20T18:24:56","date_gmt":"2020-11-20T18:24:56","guid":{"rendered":"https:\/\/mariedubrulle.com\/?page_id=3550"},"modified":"2025-12-03T13:37:39","modified_gmt":"2025-12-03T13:37:39","slug":"mariages-et-lifestyle","status":"publish","type":"page","link":"https:\/\/mariedubrulle.com\/index.php\/mariages-et-lifestyle\/","title":{"rendered":"Accueil particulier"},"content":{"rendered":"\n<p><\/p>\n\n\n\n<h2 class=\"wp-block-heading\">Marie DUBRULLE mariages et lifestyle<\/h2>\n\n\n\n<p>D\u00e9couvrez ici l&#8217;univers de Marie Dubrulle photographie, photographe de moments de vie. Photographe de mariages et lifestyle<br>Vagabonde du quotidien, elle aime partager un tranche de votre vie et en capturer des instants vrais. <\/p>\n\n\n\n<p>Vous rencontrer, immortaliser votre mariage, vous retrouver pour une grossesse, la naissance, puis une s\u00e9ance famille, pleine de rires et d&#8217;amoiur. Puis vous retrouver, pour d&#8217;autres heureux \u00e9v\u00e9nements ou &#8220;non \u00e9v\u00e9nements&#8221;<\/p>\n\n\n\n<p>Marie Dubrulle pratique la photo tel un reporter, un journaliste. Pour capturer l&#8217;essence m\u00eame de qui vous \u00eates et de votre histoire. L&#8217;objectif est donc de se fondre dans le d\u00e9cor, de se faire oublier pour que le naturel revienne au galop.<\/p>\n\n\n\n<p>Mariages et lifestyle<\/p>\n\n\n\n<h2 class=\"wp-block-heading\">\/METHODOLOGIE<\/h2>\n\n\n\n<p>Marie dubrulle photographie tous vos moments de vie, parce que tant qu&#8217;il y a de l&#8217;amour il y a du beau \u00e0 photographier.<br>Ne vous souciez de rien, elle est l\u00e0 pour vous mettre \u00e0 l&#8217;aise. La pr\u00e9paration en amont est tr\u00e8s importante dans la qualit\u00e9 de son travail. Pour votre mariage, vous vous rencontrerez 2 fois, et souvent m\u00eame une troisi\u00e8me en visio en plus. Vous ferez en plus une s\u00e9ance couple pour vous pr\u00eater une premi\u00e8re fois \u00e0 l&#8217;exercise. <br>Pour vos s\u00e9ance familles lifestyles, vous recevrez un guide avec quelques conseils pour le choix du lieu et le chois de vos tenus. Vous recevrez aussi un questionnaire qui permettra \u00e0 Marie d&#8217;en apprendre un peu plus sur vous pour construire une s\u00e9ance \u00e0 votre image<\/p>\n\n\n\n<p>Mariages et lifestyle.<br>Une s\u00e9ance lifestyle consiste en un moment de vie partag\u00e9 ensemble. Un moment qui aurait pu prendre vie en l&#8217;absence d&#8217;interaction de Marie. Un moment vrai, du quotidien<br><\/p>\n","protected":false},"excerpt":{"rendered":"<p>Marie DUBRULLE mariages et lifestyle D\u00e9couvrez ici l&#8217;univers de Marie Dubrulle photographie, photographe de moments de vie. Photographe de mariages et lifestyleVagabonde du quotidien, elle aime partager un tranche de votre vie et en capturer des instants vrais. Vous rencontrer, immortaliser votre mariage, vous retrouver pour une grossesse, la naissance, puis une s\u00e9ance famille, pleine [&hellip;]<\/p>\n","protected":false},"author":2,"featured_media":4533,"parent":0,"menu_order":0,"comment_status":"closed","ping_status":"closed","template":"","meta":{"narrative_post_script":"","footnotes":""},"class_list":["post-3550","page","type-page","status-publish","has-post-thumbnail"],"yoast_head":"<!-- This site is optimized with the Yoast SEO plugin v27.4 - https:\/\/yoast.com\/product\/yoast-seo-wordpress\/ -->\n<title>Mariages et lifestyle \/ Photographe de moments de vie<\/title>\n<meta name=\"description\" content=\"Photographe, Marie photographie l&#039;amour lors de mariages et autres moments de vie, en France et partout dans le monde. Mariages et lifestyle\" \/>\n<meta name=\"robots\" content=\"index, follow, max-snippet:-1, max-image-preview:large, max-video-preview:-1\" \/>\n<link rel=\"canonical\" href=\"https:\/\/mariedubrulle.com\/index.php\/mariages-et-lifestyle\/\" \/>\n<meta property=\"og:locale\" content=\"fr_FR\" \/>\n<meta property=\"og:type\" content=\"article\" \/>\n<meta property=\"og:title\" content=\"Photographe de mariage et de famille lifestyle \u00e0 Lille et partout dans le monde\" \/>\n<meta property=\"og:description\" content=\"Marie Dubrulle, photographe de moments de vie se d\u00e9place partout en France et dans le monde pour capturer vos moments de vie: grossesse, naissance, famille, mariage, tous les moments de vie m\u00e9ritent de belles images\" \/>\n<meta property=\"og:url\" content=\"https:\/\/mariedubrulle.com\/index.php\/mariages-et-lifestyle\/\" \/>\n<meta property=\"og:site_name\" content=\"Marie Dubrulle Photographie\" \/>\n<meta property=\"article:modified_time\" content=\"2025-12-03T13:37:39+00:00\" \/>\n<meta property=\"og:image\" content=\"https:\/\/mariedubrulle.com\/wp-content\/uploads\/Elopement-en-nor-Lille-MARIEDUBRULLE-160_opt.jpg\" \/>\n\t<meta property=\"og:image:width\" content=\"333\" \/>\n\t<meta property=\"og:image:height\" content=\"500\" \/>\n\t<meta property=\"og:image:type\" content=\"image\/jpeg\" \/>\n<meta name=\"twitter:card\" content=\"summary_large_image\" \/>\n<meta name=\"twitter:title\" content=\"Photographe de mariage et de famille lifestyle \u00e0 Lille et partout dans le monde\" \/>\n<meta name=\"twitter:description\" content=\"Marie Dubrulle, photographe de moments de vie se d\u00e9place partout en France et dans le monde pour capturer vos moments de vie: grossesse, naissance, famille, mariage, tous les moments de vie m\u00e9ritent de belles images\" \/>\n<meta name=\"twitter:image\" content=\"https:\/\/mariedubrulle.com\/wp-content\/uploads\/Elopement-en-nor-Lille-MARIEDUBRULLE-160_opt.jpg\" \/>\n<meta name=\"twitter:label1\" content=\"Dur\u00e9e de lecture estim\u00e9e\" \/>\n\t<meta name=\"twitter:data1\" content=\"11 minutes\" \/>\n<script type=\"application\/ld+json\" class=\"yoast-schema-graph\">{\"@context\":\"https:\\\/\\\/schema.org\",\"@graph\":[{\"@type\":\"WebPage\",\"@id\":\"https:\\\/\\\/mariedubrulle.com\\\/index.php\\\/mariages-et-lifestyle\\\/\",\"url\":\"https:\\\/\\\/mariedubrulle.com\\\/index.php\\\/mariages-et-lifestyle\\\/\",\"name\":\"Mariages et lifestyle \\\/ Photographe de moments de vie\",\"isPartOf\":{\"@id\":\"https:\\\/\\\/mariedubrulle.com\\\/#website\"},\"primaryImageOfPage\":{\"@id\":\"https:\\\/\\\/mariedubrulle.com\\\/index.php\\\/mariages-et-lifestyle\\\/#primaryimage\"},\"image\":{\"@id\":\"https:\\\/\\\/mariedubrulle.com\\\/index.php\\\/mariages-et-lifestyle\\\/#primaryimage\"},\"thumbnailUrl\":\"https:\\\/\\\/mariedubrulle.com\\\/wp-content\\\/uploads\\\/Elopement-en-nor-Lille-MARIEDUBRULLE-160_opt.jpg\",\"datePublished\":\"2020-11-20T18:24:56+00:00\",\"dateModified\":\"2025-12-03T13:37:39+00:00\",\"description\":\"Photographe, Marie photographie l'amour lors de mariages et autres moments de vie, en France et partout dans le monde. Mariages et lifestyle\",\"breadcrumb\":{\"@id\":\"https:\\\/\\\/mariedubrulle.com\\\/index.php\\\/mariages-et-lifestyle\\\/#breadcrumb\"},\"inLanguage\":\"fr-FR\",\"potentialAction\":[{\"@type\":\"ReadAction\",\"target\":[\"https:\\\/\\\/mariedubrulle.com\\\/index.php\\\/mariages-et-lifestyle\\\/\"]}]},{\"@type\":\"ImageObject\",\"inLanguage\":\"fr-FR\",\"@id\":\"https:\\\/\\\/mariedubrulle.com\\\/index.php\\\/mariages-et-lifestyle\\\/#primaryimage\",\"url\":\"https:\\\/\\\/mariedubrulle.com\\\/wp-content\\\/uploads\\\/Elopement-en-nor-Lille-MARIEDUBRULLE-160_opt.jpg\",\"contentUrl\":\"https:\\\/\\\/mariedubrulle.com\\\/wp-content\\\/uploads\\\/Elopement-en-nor-Lille-MARIEDUBRULLE-160_opt.jpg\",\"width\":333,\"height\":500,\"caption\":\"Mari\u00e9s s'embrassant elopement\"},{\"@type\":\"BreadcrumbList\",\"@id\":\"https:\\\/\\\/mariedubrulle.com\\\/index.php\\\/mariages-et-lifestyle\\\/#breadcrumb\",\"itemListElement\":[{\"@type\":\"ListItem\",\"position\":1,\"name\":\"Home\",\"item\":\"https:\\\/\\\/mariedubrulle.com\\\/\"},{\"@type\":\"ListItem\",\"position\":2,\"name\":\"Accueil particulier\"}]},{\"@type\":\"WebSite\",\"@id\":\"https:\\\/\\\/mariedubrulle.com\\\/#website\",\"url\":\"https:\\\/\\\/mariedubrulle.com\\\/\",\"name\":\"mariedubrullephotographie\",\"description\":\"Photographe de moments de vie\",\"publisher\":{\"@id\":\"https:\\\/\\\/mariedubrulle.com\\\/#\\\/schema\\\/person\\\/1439f191d35a8547a82f0ae860c21149\"},\"potentialAction\":[{\"@type\":\"SearchAction\",\"target\":{\"@type\":\"EntryPoint\",\"urlTemplate\":\"https:\\\/\\\/mariedubrulle.com\\\/?s={search_term_string}\"},\"query-input\":{\"@type\":\"PropertyValueSpecification\",\"valueRequired\":true,\"valueName\":\"search_term_string\"}}],\"inLanguage\":\"fr-FR\"},{\"@type\":[\"Person\",\"Organization\"],\"@id\":\"https:\\\/\\\/mariedubrulle.com\\\/#\\\/schema\\\/person\\\/1439f191d35a8547a82f0ae860c21149\",\"name\":\"marie.dubrulle\",\"image\":{\"@type\":\"ImageObject\",\"inLanguage\":\"fr-FR\",\"@id\":\"https:\\\/\\\/secure.gravatar.com\\\/avatar\\\/2db183aee1df97cfd08cd9300d37b56c62c42a951be146db4f5e3aa9aa39ee33?s=96&d=mm&r=g\",\"url\":\"https:\\\/\\\/secure.gravatar.com\\\/avatar\\\/2db183aee1df97cfd08cd9300d37b56c62c42a951be146db4f5e3aa9aa39ee33?s=96&d=mm&r=g\",\"contentUrl\":\"https:\\\/\\\/secure.gravatar.com\\\/avatar\\\/2db183aee1df97cfd08cd9300d37b56c62c42a951be146db4f5e3aa9aa39ee33?s=96&d=mm&r=g\",\"caption\":\"marie.dubrulle\"},\"logo\":{\"@id\":\"https:\\\/\\\/secure.gravatar.com\\\/avatar\\\/2db183aee1df97cfd08cd9300d37b56c62c42a951be146db4f5e3aa9aa39ee33?s=96&d=mm&r=g\"}}]}<\/script>\n<!-- \/ Yoast SEO plugin. -->","yoast_head_json":{"title":"Mariages et lifestyle \/ Photographe de moments de vie","description":"Photographe, Marie photographie l'amour lors de mariages et autres moments de vie, en France et partout dans le monde. Mariages et lifestyle","robots":{"index":"index","follow":"follow","max-snippet":"max-snippet:-1","max-image-preview":"max-image-preview:large","max-video-preview":"max-video-preview:-1"},"canonical":"https:\/\/mariedubrulle.com\/index.php\/mariages-et-lifestyle\/","og_locale":"fr_FR","og_type":"article","og_title":"Photographe de mariage et de famille lifestyle \u00e0 Lille et partout dans le monde","og_description":"Marie Dubrulle, photographe de moments de vie se d\u00e9place partout en France et dans le monde pour capturer vos moments de vie: grossesse, naissance, famille, mariage, tous les moments de vie m\u00e9ritent de belles images","og_url":"https:\/\/mariedubrulle.com\/index.php\/mariages-et-lifestyle\/","og_site_name":"Marie Dubrulle Photographie","article_modified_time":"2025-12-03T13:37:39+00:00","og_image":[{"width":333,"height":500,"url":"https:\/\/mariedubrulle.com\/wp-content\/uploads\/Elopement-en-nor-Lille-MARIEDUBRULLE-160_opt.jpg","type":"image\/jpeg"}],"twitter_card":"summary_large_image","twitter_title":"Photographe de mariage et de famille lifestyle \u00e0 Lille et partout dans le monde","twitter_description":"Marie Dubrulle, photographe de moments de vie se d\u00e9place partout en France et dans le monde pour capturer vos moments de vie: grossesse, naissance, famille, mariage, tous les moments de vie m\u00e9ritent de belles images","twitter_image":"https:\/\/mariedubrulle.com\/wp-content\/uploads\/Elopement-en-nor-Lille-MARIEDUBRULLE-160_opt.jpg","twitter_misc":{"Dur\u00e9e de lecture estim\u00e9e":"11 minutes"},"schema":{"@context":"https:\/\/schema.org","@graph":[{"@type":"WebPage","@id":"https:\/\/mariedubrulle.com\/index.php\/mariages-et-lifestyle\/","url":"https:\/\/mariedubrulle.com\/index.php\/mariages-et-lifestyle\/","name":"Mariages et lifestyle \/ Photographe de moments de vie","isPartOf":{"@id":"https:\/\/mariedubrulle.com\/#website"},"primaryImageOfPage":{"@id":"https:\/\/mariedubrulle.com\/index.php\/mariages-et-lifestyle\/#primaryimage"},"image":{"@id":"https:\/\/mariedubrulle.com\/index.php\/mariages-et-lifestyle\/#primaryimage"},"thumbnailUrl":"https:\/\/mariedubrulle.com\/wp-content\/uploads\/Elopement-en-nor-Lille-MARIEDUBRULLE-160_opt.jpg","datePublished":"2020-11-20T18:24:56+00:00","dateModified":"2025-12-03T13:37:39+00:00","description":"Photographe, Marie photographie l'amour lors de mariages et autres moments de vie, en France et partout dans le monde. Mariages et lifestyle","breadcrumb":{"@id":"https:\/\/mariedubrulle.com\/index.php\/mariages-et-lifestyle\/#breadcrumb"},"inLanguage":"fr-FR","potentialAction":[{"@type":"ReadAction","target":["https:\/\/mariedubrulle.com\/index.php\/mariages-et-lifestyle\/"]}]},{"@type":"ImageObject","inLanguage":"fr-FR","@id":"https:\/\/mariedubrulle.com\/index.php\/mariages-et-lifestyle\/#primaryimage","url":"https:\/\/mariedubrulle.com\/wp-content\/uploads\/Elopement-en-nor-Lille-MARIEDUBRULLE-160_opt.jpg","contentUrl":"https:\/\/mariedubrulle.com\/wp-content\/uploads\/Elopement-en-nor-Lille-MARIEDUBRULLE-160_opt.jpg","width":333,"height":500,"caption":"Mari\u00e9s s'embrassant elopement"},{"@type":"BreadcrumbList","@id":"https:\/\/mariedubrulle.com\/index.php\/mariages-et-lifestyle\/#breadcrumb","itemListElement":[{"@type":"ListItem","position":1,"name":"Home","item":"https:\/\/mariedubrulle.com\/"},{"@type":"ListItem","position":2,"name":"Accueil particulier"}]},{"@type":"WebSite","@id":"https:\/\/mariedubrulle.com\/#website","url":"https:\/\/mariedubrulle.com\/","name":"mariedubrullephotographie","description":"Photographe de moments de vie","publisher":{"@id":"https:\/\/mariedubrulle.com\/#\/schema\/person\/1439f191d35a8547a82f0ae860c21149"},"potentialAction":[{"@type":"SearchAction","target":{"@type":"EntryPoint","urlTemplate":"https:\/\/mariedubrulle.com\/?s={search_term_string}"},"query-input":{"@type":"PropertyValueSpecification","valueRequired":true,"valueName":"search_term_string"}}],"inLanguage":"fr-FR"},{"@type":["Person","Organization"],"@id":"https:\/\/mariedubrulle.com\/#\/schema\/person\/1439f191d35a8547a82f0ae860c21149","name":"marie.dubrulle","image":{"@type":"ImageObject","inLanguage":"fr-FR","@id":"https:\/\/secure.gravatar.com\/avatar\/2db183aee1df97cfd08cd9300d37b56c62c42a951be146db4f5e3aa9aa39ee33?s=96&d=mm&r=g","url":"https:\/\/secure.gravatar.com\/avatar\/2db183aee1df97cfd08cd9300d37b56c62c42a951be146db4f5e3aa9aa39ee33?s=96&d=mm&r=g","contentUrl":"https:\/\/secure.gravatar.com\/avatar\/2db183aee1df97cfd08cd9300d37b56c62c42a951be146db4f5e3aa9aa39ee33?s=96&d=mm&r=g","caption":"marie.dubrulle"},"logo":{"@id":"https:\/\/secure.gravatar.com\/avatar\/2db183aee1df97cfd08cd9300d37b56c62c42a951be146db4f5e3aa9aa39ee33?s=96&d=mm&r=g"}}]}},"_links":{"self":[{"href":"https:\/\/mariedubrulle.com\/index.php\/wp-json\/wp\/v2\/pages\/3550","targetHints":{"allow":["GET"]}}],"collection":[{"href":"https:\/\/mariedubrulle.com\/index.php\/wp-json\/wp\/v2\/pages"}],"about":[{"href":"https:\/\/mariedubrulle.com\/index.php\/wp-json\/wp\/v2\/types\/page"}],"author":[{"embeddable":true,"href":"https:\/\/mariedubrulle.com\/index.php\/wp-json\/wp\/v2\/users\/2"}],"replies":[{"embeddable":true,"href":"https:\/\/mariedubrulle.com\/index.php\/wp-json\/wp\/v2\/comments?post=3550"}],"version-history":[{"count":3,"href":"https:\/\/mariedubrulle.com\/index.php\/wp-json\/wp\/v2\/pages\/3550\/revisions"}],"predecessor-version":[{"id":9712,"href":"https:\/\/mariedubrulle.com\/index.php\/wp-json\/wp\/v2\/pages\/3550\/revisions\/9712"}],"wp:featuredmedia":[{"embeddable":true,"href":"https:\/\/mariedubrulle.com\/index.php\/wp-json\/wp\/v2\/media\/4533"}],"wp:attachment":[{"href":"https:\/\/mariedubrulle.com\/index.php\/wp-json\/wp\/v2\/media?parent=3550"}],"curies":[{"name":"wp","href":"https:\/\/api.w.org\/{rel}","templated":true}]}}