{"id":3774,"date":"2020-12-01T10:24:39","date_gmt":"2020-12-01T10:24:39","guid":{"rendered":"https:\/\/mariedubrulle.com\/?page_id=3774"},"modified":"2026-03-23T16:41:46","modified_gmt":"2026-03-23T16:41:46","slug":"portfolio","status":"publish","type":"page","link":"https:\/\/mariedubrulle.com\/index.php\/portfolio\/","title":{"rendered":"Portfolio"},"content":{"rendered":"\n<h2 class=\"wp-block-heading\">D\u00e9couvrez son portfolio<\/h2>\n\n\n\n<p>Bienvenus ici. Vous d\u00e9couvrirez sur cette page le portfolio de Marie Dubrulle, photographe de moments de vie.<\/p>\n\n\n\n<p>Marie Dubrulle est photographe de moments de vie et r\u00e9alise tous vos reportages de vie. Que \u00e7a soit pour un heureux \u00e9v\u00e9nement comme une grossesse, ou bien une naissance. Elle rentre dans votre intimit\u00e9 pour capturer des moments vrais, authentiques, et vous cr\u00e9er ces souvenirs qui traverseront les g\u00e9n\u00e9rations. Ces images vous permettront d&#8217;illustrer votre famille pour ne jamais oublier. <br>Mais Marie Dubrulle photographie aussi ces petits moments de vie tout simples, sans qu&#8217;il y aie forc\u00e9ment de moments importants. Une tranche de vie. <br>Parce que tant qu&#8217;il y a de l&#8217;amour, il y a du beau et donc des photos \u00e0 prendre.<br>Marie Dubrulle se d\u00e9place aussi pour vos plus beaux \u00e9v\u00e9nements comme vos mariages. Le reportage est de mise dans son travail afin de capturer des moments vrais, des \u00e9motions. Elle cherche \u00e0 se faire la plus petite possible afin de capturer toutes ces petites choses qui font de cette journ\u00e9e \u00e0 v\u00f4tre et pas celle de Mme Michue. <\/p>\n\n\n\n<p>Marie Dubrulle aime les ombres et la lumi\u00e8re et le contraste des deux qui permet de mettre en valeur un petit \u00e9l\u00e9ment important .<br>Elle aime par dessus tout l&#8217;architecture, et les lignes graphiques qui en ressortent.<br>Mais r\u00e9ellement, ce qu&#8217;elle aime par dessus tout, c&#8217;est l&#8217;humain et les interactions qu&#8217;il y a entre les gens, entre les membres d&#8217;une famille. Un petit baiser, un regard, une accolade, c&#8217;est tout cela qu&#8217;elle va essayer de capturer tout au long de ses reportages.<\/p>\n\n\n\n<p>Elle vous acccompagne, pour apprendre \u00e0 vous conna\u00eetre et vous cr\u00e9er vos images \u00e0 vous; votre reportage.<\/p>\n\n\n\n<h2 class=\"wp-block-heading\">Racontez lui votre histoire<\/h2>\n\n\n\n<p>Dans ce portfolio, d\u00e9couvrez son travail en images. N&#8217;h\u00e9sitez pas \u00e0 la contacter via le <a href=\"https:\/\/mariedubrulle.com\/index.php\/contact-photographe-mariedubrulle\/\" target=\"_blank\" rel=\"noreferrer noopener\">formulaire de contact de son site pour lui parler de votre projet de reportage<\/a><\/p>\n","protected":false},"excerpt":{"rendered":"<p>D\u00e9couvrez son portfolio Bienvenus ici. Vous d\u00e9couvrirez sur cette page le portfolio de Marie Dubrulle, photographe de moments de vie. Marie Dubrulle est photographe de moments de vie et r\u00e9alise tous vos reportages de vie. Que \u00e7a soit pour un heureux \u00e9v\u00e9nement comme une grossesse, ou bien une naissance. Elle rentre dans votre intimit\u00e9 pour [&hellip;]<\/p>\n","protected":false},"author":2,"featured_media":9178,"parent":0,"menu_order":0,"comment_status":"closed","ping_status":"closed","template":"","meta":{"narrative_post_script":"","footnotes":""},"class_list":["post-3774","page","type-page","status-publish","has-post-thumbnail"],"yoast_head":"<!-- This site is optimized with the Yoast SEO plugin v27.4 - https:\/\/yoast.com\/product\/yoast-seo-wordpress\/ -->\n<title>Portfolio de Marie Dubrulle Photographie<\/title>\n<meta name=\"description\" content=\"D\u00e9couvrez ici le portfolio avec plus d&#039;images des prises par Marie Dubrulle. Des grossesses, naissances, elopement, mariages, familles...\" \/>\n<meta name=\"robots\" content=\"noindex, nofollow\" \/>\n<meta property=\"og:locale\" content=\"fr_FR\" \/>\n<meta property=\"og:type\" content=\"article\" \/>\n<meta property=\"og:title\" content=\"D\u00e9couvrez le portfolio de marie Dubrulle Photographie\" \/>\n<meta property=\"og:description\" content=\"D\u00e9couvrez plus d&#039;images des reportages r\u00e9alis\u00e9s par Marie Dubrulle Photographie dans son portfolio\" \/>\n<meta property=\"og:url\" content=\"https:\/\/mariedubrulle.com\/index.php\/portfolio\/\" \/>\n<meta property=\"og:site_name\" content=\"Marie Dubrulle Photographie\" \/>\n<meta property=\"article:modified_time\" content=\"2026-03-23T16:41:46+00:00\" \/>\n<meta property=\"og:image\" content=\"https:\/\/mariedubrulle.com\/wp-content\/uploads\/Elopement-en-nor-Lille-MARIEDUBRULLE-143.jpg\" \/>\n\t<meta property=\"og:image:width\" content=\"1500\" \/>\n\t<meta property=\"og:image:height\" content=\"998\" \/>\n\t<meta property=\"og:image:type\" content=\"image\/jpeg\" \/>\n<meta name=\"twitter:card\" content=\"summary_large_image\" \/>\n<meta name=\"twitter:title\" content=\"D\u00e9couvrez le portfolio de marie Dubrulle Photographie\" \/>\n<meta name=\"twitter:description\" content=\"D\u00e9couvrez plus d&#039;images des reportages r\u00e9alis\u00e9s par Marie Dubrulle Photographie dans son portfolio\" \/>\n<meta name=\"twitter:image\" content=\"https:\/\/mariedubrulle.com\/wp-content\/uploads\/Elopement-en-nor-Lille-MARIEDUBRULLE-143_opt-1.jpg\" \/>\n<meta name=\"twitter:label1\" content=\"Dur\u00e9e de lecture estim\u00e9e\" \/>\n\t<meta name=\"twitter:data1\" content=\"2 minutes\" \/>\n<script type=\"application\/ld+json\" class=\"yoast-schema-graph\">{\"@context\":\"https:\\\/\\\/schema.org\",\"@graph\":[{\"@type\":\"WebPage\",\"@id\":\"https:\\\/\\\/mariedubrulle.com\\\/index.php\\\/portfolio\\\/\",\"url\":\"https:\\\/\\\/mariedubrulle.com\\\/index.php\\\/portfolio\\\/\",\"name\":\"Portfolio de Marie Dubrulle Photographie\",\"isPartOf\":{\"@id\":\"https:\\\/\\\/mariedubrulle.com\\\/#website\"},\"primaryImageOfPage\":{\"@id\":\"https:\\\/\\\/mariedubrulle.com\\\/index.php\\\/portfolio\\\/#primaryimage\"},\"image\":{\"@id\":\"https:\\\/\\\/mariedubrulle.com\\\/index.php\\\/portfolio\\\/#primaryimage\"},\"thumbnailUrl\":\"https:\\\/\\\/mariedubrulle.com\\\/wp-content\\\/uploads\\\/Photographe-couple-lille-nord-60.jpg\",\"datePublished\":\"2020-12-01T10:24:39+00:00\",\"dateModified\":\"2026-03-23T16:41:46+00:00\",\"description\":\"D\u00e9couvrez ici le portfolio avec plus d'images des prises par Marie Dubrulle. Des grossesses, naissances, elopement, mariages, familles...\",\"breadcrumb\":{\"@id\":\"https:\\\/\\\/mariedubrulle.com\\\/index.php\\\/portfolio\\\/#breadcrumb\"},\"inLanguage\":\"fr-FR\",\"potentialAction\":[{\"@type\":\"ReadAction\",\"target\":[\"https:\\\/\\\/mariedubrulle.com\\\/index.php\\\/portfolio\\\/\"]}]},{\"@type\":\"ImageObject\",\"inLanguage\":\"fr-FR\",\"@id\":\"https:\\\/\\\/mariedubrulle.com\\\/index.php\\\/portfolio\\\/#primaryimage\",\"url\":\"https:\\\/\\\/mariedubrulle.com\\\/wp-content\\\/uploads\\\/Photographe-couple-lille-nord-60.jpg\",\"contentUrl\":\"https:\\\/\\\/mariedubrulle.com\\\/wp-content\\\/uploads\\\/Photographe-couple-lille-nord-60.jpg\",\"width\":1663,\"height\":2500,\"caption\":\"S\u00e9ance engagement au maroc\"},{\"@type\":\"BreadcrumbList\",\"@id\":\"https:\\\/\\\/mariedubrulle.com\\\/index.php\\\/portfolio\\\/#breadcrumb\",\"itemListElement\":[{\"@type\":\"ListItem\",\"position\":1,\"name\":\"Home\",\"item\":\"https:\\\/\\\/mariedubrulle.com\\\/\"},{\"@type\":\"ListItem\",\"position\":2,\"name\":\"Portfolio\"}]},{\"@type\":\"WebSite\",\"@id\":\"https:\\\/\\\/mariedubrulle.com\\\/#website\",\"url\":\"https:\\\/\\\/mariedubrulle.com\\\/\",\"name\":\"mariedubrullephotographie\",\"description\":\"Photographe de moments de vie\",\"publisher\":{\"@id\":\"https:\\\/\\\/mariedubrulle.com\\\/#\\\/schema\\\/person\\\/1439f191d35a8547a82f0ae860c21149\"},\"potentialAction\":[{\"@type\":\"SearchAction\",\"target\":{\"@type\":\"EntryPoint\",\"urlTemplate\":\"https:\\\/\\\/mariedubrulle.com\\\/?s={search_term_string}\"},\"query-input\":{\"@type\":\"PropertyValueSpecification\",\"valueRequired\":true,\"valueName\":\"search_term_string\"}}],\"inLanguage\":\"fr-FR\"},{\"@type\":[\"Person\",\"Organization\"],\"@id\":\"https:\\\/\\\/mariedubrulle.com\\\/#\\\/schema\\\/person\\\/1439f191d35a8547a82f0ae860c21149\",\"name\":\"marie.dubrulle\",\"image\":{\"@type\":\"ImageObject\",\"inLanguage\":\"fr-FR\",\"@id\":\"https:\\\/\\\/secure.gravatar.com\\\/avatar\\\/2db183aee1df97cfd08cd9300d37b56c62c42a951be146db4f5e3aa9aa39ee33?s=96&d=mm&r=g\",\"url\":\"https:\\\/\\\/secure.gravatar.com\\\/avatar\\\/2db183aee1df97cfd08cd9300d37b56c62c42a951be146db4f5e3aa9aa39ee33?s=96&d=mm&r=g\",\"contentUrl\":\"https:\\\/\\\/secure.gravatar.com\\\/avatar\\\/2db183aee1df97cfd08cd9300d37b56c62c42a951be146db4f5e3aa9aa39ee33?s=96&d=mm&r=g\",\"caption\":\"marie.dubrulle\"},\"logo\":{\"@id\":\"https:\\\/\\\/secure.gravatar.com\\\/avatar\\\/2db183aee1df97cfd08cd9300d37b56c62c42a951be146db4f5e3aa9aa39ee33?s=96&d=mm&r=g\"}}]}<\/script>\n<!-- \/ Yoast SEO plugin. -->","yoast_head_json":{"title":"Portfolio de Marie Dubrulle Photographie","description":"D\u00e9couvrez ici le portfolio avec plus d'images des prises par Marie Dubrulle. Des grossesses, naissances, elopement, mariages, familles...","robots":{"index":"noindex","follow":"nofollow"},"og_locale":"fr_FR","og_type":"article","og_title":"D\u00e9couvrez le portfolio de marie Dubrulle Photographie","og_description":"D\u00e9couvrez plus d'images des reportages r\u00e9alis\u00e9s par Marie Dubrulle Photographie dans son portfolio","og_url":"https:\/\/mariedubrulle.com\/index.php\/portfolio\/","og_site_name":"Marie Dubrulle Photographie","article_modified_time":"2026-03-23T16:41:46+00:00","og_image":[{"width":1500,"height":998,"url":"https:\/\/mariedubrulle.com\/wp-content\/uploads\/Elopement-en-nor-Lille-MARIEDUBRULLE-143.jpg","type":"image\/jpeg"}],"twitter_card":"summary_large_image","twitter_title":"D\u00e9couvrez le portfolio de marie Dubrulle Photographie","twitter_description":"D\u00e9couvrez plus d'images des reportages r\u00e9alis\u00e9s par Marie Dubrulle Photographie dans son portfolio","twitter_image":"https:\/\/mariedubrulle.com\/wp-content\/uploads\/Elopement-en-nor-Lille-MARIEDUBRULLE-143_opt-1.jpg","twitter_misc":{"Dur\u00e9e de lecture estim\u00e9e":"2 minutes"},"schema":{"@context":"https:\/\/schema.org","@graph":[{"@type":"WebPage","@id":"https:\/\/mariedubrulle.com\/index.php\/portfolio\/","url":"https:\/\/mariedubrulle.com\/index.php\/portfolio\/","name":"Portfolio de Marie Dubrulle Photographie","isPartOf":{"@id":"https:\/\/mariedubrulle.com\/#website"},"primaryImageOfPage":{"@id":"https:\/\/mariedubrulle.com\/index.php\/portfolio\/#primaryimage"},"image":{"@id":"https:\/\/mariedubrulle.com\/index.php\/portfolio\/#primaryimage"},"thumbnailUrl":"https:\/\/mariedubrulle.com\/wp-content\/uploads\/Photographe-couple-lille-nord-60.jpg","datePublished":"2020-12-01T10:24:39+00:00","dateModified":"2026-03-23T16:41:46+00:00","description":"D\u00e9couvrez ici le portfolio avec plus d'images des prises par Marie Dubrulle. Des grossesses, naissances, elopement, mariages, familles...","breadcrumb":{"@id":"https:\/\/mariedubrulle.com\/index.php\/portfolio\/#breadcrumb"},"inLanguage":"fr-FR","potentialAction":[{"@type":"ReadAction","target":["https:\/\/mariedubrulle.com\/index.php\/portfolio\/"]}]},{"@type":"ImageObject","inLanguage":"fr-FR","@id":"https:\/\/mariedubrulle.com\/index.php\/portfolio\/#primaryimage","url":"https:\/\/mariedubrulle.com\/wp-content\/uploads\/Photographe-couple-lille-nord-60.jpg","contentUrl":"https:\/\/mariedubrulle.com\/wp-content\/uploads\/Photographe-couple-lille-nord-60.jpg","width":1663,"height":2500,"caption":"S\u00e9ance engagement au maroc"},{"@type":"BreadcrumbList","@id":"https:\/\/mariedubrulle.com\/index.php\/portfolio\/#breadcrumb","itemListElement":[{"@type":"ListItem","position":1,"name":"Home","item":"https:\/\/mariedubrulle.com\/"},{"@type":"ListItem","position":2,"name":"Portfolio"}]},{"@type":"WebSite","@id":"https:\/\/mariedubrulle.com\/#website","url":"https:\/\/mariedubrulle.com\/","name":"mariedubrullephotographie","description":"Photographe de moments de vie","publisher":{"@id":"https:\/\/mariedubrulle.com\/#\/schema\/person\/1439f191d35a8547a82f0ae860c21149"},"potentialAction":[{"@type":"SearchAction","target":{"@type":"EntryPoint","urlTemplate":"https:\/\/mariedubrulle.com\/?s={search_term_string}"},"query-input":{"@type":"PropertyValueSpecification","valueRequired":true,"valueName":"search_term_string"}}],"inLanguage":"fr-FR"},{"@type":["Person","Organization"],"@id":"https:\/\/mariedubrulle.com\/#\/schema\/person\/1439f191d35a8547a82f0ae860c21149","name":"marie.dubrulle","image":{"@type":"ImageObject","inLanguage":"fr-FR","@id":"https:\/\/secure.gravatar.com\/avatar\/2db183aee1df97cfd08cd9300d37b56c62c42a951be146db4f5e3aa9aa39ee33?s=96&d=mm&r=g","url":"https:\/\/secure.gravatar.com\/avatar\/2db183aee1df97cfd08cd9300d37b56c62c42a951be146db4f5e3aa9aa39ee33?s=96&d=mm&r=g","contentUrl":"https:\/\/secure.gravatar.com\/avatar\/2db183aee1df97cfd08cd9300d37b56c62c42a951be146db4f5e3aa9aa39ee33?s=96&d=mm&r=g","caption":"marie.dubrulle"},"logo":{"@id":"https:\/\/secure.gravatar.com\/avatar\/2db183aee1df97cfd08cd9300d37b56c62c42a951be146db4f5e3aa9aa39ee33?s=96&d=mm&r=g"}}]}},"_links":{"self":[{"href":"https:\/\/mariedubrulle.com\/index.php\/wp-json\/wp\/v2\/pages\/3774","targetHints":{"allow":["GET"]}}],"collection":[{"href":"https:\/\/mariedubrulle.com\/index.php\/wp-json\/wp\/v2\/pages"}],"about":[{"href":"https:\/\/mariedubrulle.com\/index.php\/wp-json\/wp\/v2\/types\/page"}],"author":[{"embeddable":true,"href":"https:\/\/mariedubrulle.com\/index.php\/wp-json\/wp\/v2\/users\/2"}],"replies":[{"embeddable":true,"href":"https:\/\/mariedubrulle.com\/index.php\/wp-json\/wp\/v2\/comments?post=3774"}],"version-history":[{"count":23,"href":"https:\/\/mariedubrulle.com\/index.php\/wp-json\/wp\/v2\/pages\/3774\/revisions"}],"predecessor-version":[{"id":9831,"href":"https:\/\/mariedubrulle.com\/index.php\/wp-json\/wp\/v2\/pages\/3774\/revisions\/9831"}],"wp:featuredmedia":[{"embeddable":true,"href":"https:\/\/mariedubrulle.com\/index.php\/wp-json\/wp\/v2\/media\/9178"}],"wp:attachment":[{"href":"https:\/\/mariedubrulle.com\/index.php\/wp-json\/wp\/v2\/media?parent=3774"}],"curies":[{"name":"wp","href":"https:\/\/api.w.org\/{rel}","templated":true}]}}