{"id":3813,"date":"2021-01-13T10:56:56","date_gmt":"2021-01-13T10:56:56","guid":{"rendered":"https:\/\/mariedubrulle.com\/?page_id=3813"},"modified":"2024-11-22T13:28:57","modified_gmt":"2024-11-22T13:28:57","slug":"blog-photographe-mariage-et-lifestyle","status":"publish","type":"page","link":"https:\/\/mariedubrulle.com\/index.php\/blog-photographe-mariage-et-lifestyle\/","title":{"rendered":"Blog photographe mariage et lifestyle"},"content":{"rendered":"\n<h2 class=\"wp-block-heading\">Blog photographe mariages et lifestyle Marie Dubrulle<\/h2>\n\n\n\n<p>Blog photographe mariages et lifestyle<\/p>\n\n\n\n<p>D\u00e9couvrez ici les reportages photos de mariages et lifestyle r\u00e9alis\u00e9s par Marie Dubrulle <br>Raconter votre histoire en images, et mettre des mots sur les rencontres, les moments v\u00e9cus ensemble.<\/p>\n\n\n\n<p>Partager des moments de vie avec vous, cr\u00e9er des souvenirs, partager des rires, des jeux, des c\u00e2lins. Capturer l&#8217;essence de qui vous \u00eates, de comment vous \u00eates, pour que vos enfants et leurs enfants ensuite puissent vous d\u00e9couvrir au travers de ces images. <br>Capturer un instant, pour s&#8217;en souvenir \u00e0 tout jamais. Ne rien oublier. <br>Un sourire, une expression, un geste, une attention, un baiser. Se souvenir d&#8217;un petit ventre potel\u00e9. Se souvenir du temps qui passe.<\/p>\n\n\n\n<p>Sur ce blog Blog  vous d\u00e9couvrirez les reportages r\u00e9cents r\u00e9alis\u00e9s par la photographe Marie Dubrulle. Que \u00e7a soit pour une grossesse, une naissance, un mariage, un \u00e9lopement, ou m\u00eame juste pour une trancge de vie, tous les moments sont beaux \u00e0 photographier tant qu&#8217;il y a de l&#8217;amour<\/p>\n\n\n\n<p>N&#8217;attendez pas qu&#8217;il soit trop tard pour vous cr\u00e9er des souvenirs. <\/p>\n\n\n\n<p>C&#8217;est maintenant, un matin ensoleill\u00e9, une veille de no\u00ebl, un anniversaire, un \u00e9tape de vie. C&#8217;est lors de ces moments l\u00e0 qu&#8217;il faut penser \u00e0 r\u00e9aliser une s\u00e9ance photo<\/p>\n\n\n\n<p>Une s\u00e9ance photo o\u00f9 le naturel est le premier invit\u00e9. Echangeons sur qui vous \u00eates, ce que vous aimez, ce que vous faites pour vous offrir une s\u00e9ance 100% sur mesure <br>Une s\u00e9ance o\u00f9 vous allez patisser, lire, jouer, vous promener, faire un chocolat chaud. Bref, un moment qui vous ressemble et qui raconte votre histoire \u00e0 vous.<br>J&#8217;aime les s\u00e9ances \u00e0 domicile car votre chez vous est votre \u00e9crin d&#8217;amour, le cocon qui vous voit \u00e9voluer; C&#8217;est l\u00e0 que vous \u00eates le plus vous m\u00eame.<br>Aimez vous, je m&#8217;occupe du reste<\/p>\n\n\n\n<p>D\u00e9couvrez ces histoires<\/p>\n\n\n\n<p><\/p>\n\n\n\n<p><\/p>\n","protected":false},"excerpt":{"rendered":"<p>Blog photographe mariages et lifestyle Marie Dubrulle Blog photographe mariages et lifestyle D\u00e9couvrez ici les reportages photos de mariages et lifestyle r\u00e9alis\u00e9s par Marie Dubrulle Raconter votre histoire en images, et mettre des mots sur les rencontres, les moments v\u00e9cus ensemble. Partager des moments de vie avec vous, cr\u00e9er des souvenirs, partager des rires, des [&hellip;]<\/p>\n","protected":false},"author":2,"featured_media":6401,"parent":0,"menu_order":0,"comment_status":"open","ping_status":"closed","template":"","meta":{"narrative_post_script":"","footnotes":""},"class_list":["post-3813","page","type-page","status-publish","has-post-thumbnail"],"yoast_head":"<!-- This site is optimized with the Yoast SEO plugin v27.4 - https:\/\/yoast.com\/product\/yoast-seo-wordpress\/ -->\n<title>Blog photographe mariages et lifestyle Marie Dubrulle<\/title>\n<meta name=\"description\" content=\"D\u00e9couvrez le Blog photographe mariages et lifestyle par Marie Dubrulle. D\u00e9couvrez les reportages Grossesse, naissance, mariage, elopement...\" \/>\n<meta name=\"robots\" content=\"index, follow, max-snippet:-1, max-image-preview:large, max-video-preview:-1\" \/>\n<link rel=\"canonical\" href=\"https:\/\/mariedubrulle.com\/index.php\/blog-photographe-mariage-et-lifestyle\/\" \/>\n<meta property=\"og:locale\" content=\"fr_FR\" \/>\n<meta property=\"og:type\" content=\"article\" \/>\n<meta property=\"og:title\" content=\"D\u00e9couvrez les reportages r\u00e9alis\u00e9s par Marie Dubrulle, Photographe.\" \/>\n<meta property=\"og:description\" content=\"D\u00e9couvrez les reportages r\u00e9alis\u00e9s par Marie Dubrulle, Photographe. Des s\u00e9ances familles, couples, naissances, grossesses, des mariages et des elopement.\" \/>\n<meta property=\"og:url\" content=\"https:\/\/mariedubrulle.com\/index.php\/blog-photographe-mariage-et-lifestyle\/\" \/>\n<meta property=\"og:site_name\" content=\"Marie Dubrulle Photographie\" \/>\n<meta property=\"article:modified_time\" content=\"2024-11-22T13:28:57+00:00\" \/>\n<meta property=\"og:image\" content=\"https:\/\/mariedubrulle.com\/wp-content\/uploads\/Photographe-Mariage-Lille-Nord-171_opt.jpg\" \/>\n\t<meta property=\"og:image:width\" content=\"1197\" \/>\n\t<meta property=\"og:image:height\" content=\"1800\" \/>\n\t<meta property=\"og:image:type\" content=\"image\/jpeg\" \/>\n<meta name=\"twitter:card\" content=\"summary_large_image\" \/>\n<meta name=\"twitter:title\" content=\"D\u00e9couvrez les reportages r\u00e9alis\u00e9s par Marie Dubrulle, Photographe.\" \/>\n<meta name=\"twitter:description\" content=\"D\u00e9couvrez les reportages r\u00e9alis\u00e9s par Marie Dubrulle, Photographe. Des s\u00e9ances familles, couples, naissances, grossesses, des mariages et des elopement.\" \/>\n<meta name=\"twitter:image\" content=\"https:\/\/mariedubrulle.com\/wp-content\/uploads\/Photographe-Mariage-Lille-Nord-171_opt.jpg\" \/>\n<meta name=\"twitter:label1\" content=\"Dur\u00e9e de lecture estim\u00e9e\" \/>\n\t<meta name=\"twitter:data1\" content=\"2 minutes\" \/>\n<script type=\"application\/ld+json\" class=\"yoast-schema-graph\">{\"@context\":\"https:\\\/\\\/schema.org\",\"@graph\":[{\"@type\":\"WebPage\",\"@id\":\"https:\\\/\\\/mariedubrulle.com\\\/index.php\\\/blog-photographe-mariage-et-lifestyle\\\/\",\"url\":\"https:\\\/\\\/mariedubrulle.com\\\/index.php\\\/blog-photographe-mariage-et-lifestyle\\\/\",\"name\":\"Blog photographe mariages et lifestyle Marie Dubrulle\",\"isPartOf\":{\"@id\":\"https:\\\/\\\/mariedubrulle.com\\\/#website\"},\"primaryImageOfPage\":{\"@id\":\"https:\\\/\\\/mariedubrulle.com\\\/index.php\\\/blog-photographe-mariage-et-lifestyle\\\/#primaryimage\"},\"image\":{\"@id\":\"https:\\\/\\\/mariedubrulle.com\\\/index.php\\\/blog-photographe-mariage-et-lifestyle\\\/#primaryimage\"},\"thumbnailUrl\":\"https:\\\/\\\/mariedubrulle.com\\\/wp-content\\\/uploads\\\/Photographese\u0301ancenaissance-24.jpg\",\"datePublished\":\"2021-01-13T10:56:56+00:00\",\"dateModified\":\"2024-11-22T13:28:57+00:00\",\"description\":\"D\u00e9couvrez le Blog photographe mariages et lifestyle par Marie Dubrulle. D\u00e9couvrez les reportages Grossesse, naissance, mariage, elopement...\",\"breadcrumb\":{\"@id\":\"https:\\\/\\\/mariedubrulle.com\\\/index.php\\\/blog-photographe-mariage-et-lifestyle\\\/#breadcrumb\"},\"inLanguage\":\"fr-FR\",\"potentialAction\":[{\"@type\":\"ReadAction\",\"target\":[\"https:\\\/\\\/mariedubrulle.com\\\/index.php\\\/blog-photographe-mariage-et-lifestyle\\\/\"]}]},{\"@type\":\"ImageObject\",\"inLanguage\":\"fr-FR\",\"@id\":\"https:\\\/\\\/mariedubrulle.com\\\/index.php\\\/blog-photographe-mariage-et-lifestyle\\\/#primaryimage\",\"url\":\"https:\\\/\\\/mariedubrulle.com\\\/wp-content\\\/uploads\\\/Photographese\u0301ancenaissance-24.jpg\",\"contentUrl\":\"https:\\\/\\\/mariedubrulle.com\\\/wp-content\\\/uploads\\\/Photographese\u0301ancenaissance-24.jpg\",\"width\":1663,\"height\":2500,\"caption\":\"Blog photographe mariages et lifestyle\"},{\"@type\":\"BreadcrumbList\",\"@id\":\"https:\\\/\\\/mariedubrulle.com\\\/index.php\\\/blog-photographe-mariage-et-lifestyle\\\/#breadcrumb\",\"itemListElement\":[{\"@type\":\"ListItem\",\"position\":1,\"name\":\"Home\",\"item\":\"https:\\\/\\\/mariedubrulle.com\\\/\"},{\"@type\":\"ListItem\",\"position\":2,\"name\":\"Blog photographe mariage et lifestyle\"}]},{\"@type\":\"WebSite\",\"@id\":\"https:\\\/\\\/mariedubrulle.com\\\/#website\",\"url\":\"https:\\\/\\\/mariedubrulle.com\\\/\",\"name\":\"mariedubrullephotographie\",\"description\":\"Photographe de moments de vie\",\"publisher\":{\"@id\":\"https:\\\/\\\/mariedubrulle.com\\\/#\\\/schema\\\/person\\\/1439f191d35a8547a82f0ae860c21149\"},\"potentialAction\":[{\"@type\":\"SearchAction\",\"target\":{\"@type\":\"EntryPoint\",\"urlTemplate\":\"https:\\\/\\\/mariedubrulle.com\\\/?s={search_term_string}\"},\"query-input\":{\"@type\":\"PropertyValueSpecification\",\"valueRequired\":true,\"valueName\":\"search_term_string\"}}],\"inLanguage\":\"fr-FR\"},{\"@type\":[\"Person\",\"Organization\"],\"@id\":\"https:\\\/\\\/mariedubrulle.com\\\/#\\\/schema\\\/person\\\/1439f191d35a8547a82f0ae860c21149\",\"name\":\"marie.dubrulle\",\"image\":{\"@type\":\"ImageObject\",\"inLanguage\":\"fr-FR\",\"@id\":\"https:\\\/\\\/secure.gravatar.com\\\/avatar\\\/2db183aee1df97cfd08cd9300d37b56c62c42a951be146db4f5e3aa9aa39ee33?s=96&d=mm&r=g\",\"url\":\"https:\\\/\\\/secure.gravatar.com\\\/avatar\\\/2db183aee1df97cfd08cd9300d37b56c62c42a951be146db4f5e3aa9aa39ee33?s=96&d=mm&r=g\",\"contentUrl\":\"https:\\\/\\\/secure.gravatar.com\\\/avatar\\\/2db183aee1df97cfd08cd9300d37b56c62c42a951be146db4f5e3aa9aa39ee33?s=96&d=mm&r=g\",\"caption\":\"marie.dubrulle\"},\"logo\":{\"@id\":\"https:\\\/\\\/secure.gravatar.com\\\/avatar\\\/2db183aee1df97cfd08cd9300d37b56c62c42a951be146db4f5e3aa9aa39ee33?s=96&d=mm&r=g\"}}]}<\/script>\n<!-- \/ Yoast SEO plugin. -->","yoast_head_json":{"title":"Blog photographe mariages et lifestyle Marie Dubrulle","description":"D\u00e9couvrez le Blog photographe mariages et lifestyle par Marie Dubrulle. D\u00e9couvrez les reportages Grossesse, naissance, mariage, elopement...","robots":{"index":"index","follow":"follow","max-snippet":"max-snippet:-1","max-image-preview":"max-image-preview:large","max-video-preview":"max-video-preview:-1"},"canonical":"https:\/\/mariedubrulle.com\/index.php\/blog-photographe-mariage-et-lifestyle\/","og_locale":"fr_FR","og_type":"article","og_title":"D\u00e9couvrez les reportages r\u00e9alis\u00e9s par Marie Dubrulle, Photographe.","og_description":"D\u00e9couvrez les reportages r\u00e9alis\u00e9s par Marie Dubrulle, Photographe. Des s\u00e9ances familles, couples, naissances, grossesses, des mariages et des elopement.","og_url":"https:\/\/mariedubrulle.com\/index.php\/blog-photographe-mariage-et-lifestyle\/","og_site_name":"Marie Dubrulle Photographie","article_modified_time":"2024-11-22T13:28:57+00:00","og_image":[{"width":1197,"height":1800,"url":"https:\/\/mariedubrulle.com\/wp-content\/uploads\/Photographe-Mariage-Lille-Nord-171_opt.jpg","type":"image\/jpeg"}],"twitter_card":"summary_large_image","twitter_title":"D\u00e9couvrez les reportages r\u00e9alis\u00e9s par Marie Dubrulle, Photographe.","twitter_description":"D\u00e9couvrez les reportages r\u00e9alis\u00e9s par Marie Dubrulle, Photographe. Des s\u00e9ances familles, couples, naissances, grossesses, des mariages et des elopement.","twitter_image":"https:\/\/mariedubrulle.com\/wp-content\/uploads\/Photographe-Mariage-Lille-Nord-171_opt.jpg","twitter_misc":{"Dur\u00e9e de lecture estim\u00e9e":"2 minutes"},"schema":{"@context":"https:\/\/schema.org","@graph":[{"@type":"WebPage","@id":"https:\/\/mariedubrulle.com\/index.php\/blog-photographe-mariage-et-lifestyle\/","url":"https:\/\/mariedubrulle.com\/index.php\/blog-photographe-mariage-et-lifestyle\/","name":"Blog photographe mariages et lifestyle Marie Dubrulle","isPartOf":{"@id":"https:\/\/mariedubrulle.com\/#website"},"primaryImageOfPage":{"@id":"https:\/\/mariedubrulle.com\/index.php\/blog-photographe-mariage-et-lifestyle\/#primaryimage"},"image":{"@id":"https:\/\/mariedubrulle.com\/index.php\/blog-photographe-mariage-et-lifestyle\/#primaryimage"},"thumbnailUrl":"https:\/\/mariedubrulle.com\/wp-content\/uploads\/Photographese\u0301ancenaissance-24.jpg","datePublished":"2021-01-13T10:56:56+00:00","dateModified":"2024-11-22T13:28:57+00:00","description":"D\u00e9couvrez le Blog photographe mariages et lifestyle par Marie Dubrulle. D\u00e9couvrez les reportages Grossesse, naissance, mariage, elopement...","breadcrumb":{"@id":"https:\/\/mariedubrulle.com\/index.php\/blog-photographe-mariage-et-lifestyle\/#breadcrumb"},"inLanguage":"fr-FR","potentialAction":[{"@type":"ReadAction","target":["https:\/\/mariedubrulle.com\/index.php\/blog-photographe-mariage-et-lifestyle\/"]}]},{"@type":"ImageObject","inLanguage":"fr-FR","@id":"https:\/\/mariedubrulle.com\/index.php\/blog-photographe-mariage-et-lifestyle\/#primaryimage","url":"https:\/\/mariedubrulle.com\/wp-content\/uploads\/Photographese\u0301ancenaissance-24.jpg","contentUrl":"https:\/\/mariedubrulle.com\/wp-content\/uploads\/Photographese\u0301ancenaissance-24.jpg","width":1663,"height":2500,"caption":"Blog photographe mariages et lifestyle"},{"@type":"BreadcrumbList","@id":"https:\/\/mariedubrulle.com\/index.php\/blog-photographe-mariage-et-lifestyle\/#breadcrumb","itemListElement":[{"@type":"ListItem","position":1,"name":"Home","item":"https:\/\/mariedubrulle.com\/"},{"@type":"ListItem","position":2,"name":"Blog photographe mariage et lifestyle"}]},{"@type":"WebSite","@id":"https:\/\/mariedubrulle.com\/#website","url":"https:\/\/mariedubrulle.com\/","name":"mariedubrullephotographie","description":"Photographe de moments de vie","publisher":{"@id":"https:\/\/mariedubrulle.com\/#\/schema\/person\/1439f191d35a8547a82f0ae860c21149"},"potentialAction":[{"@type":"SearchAction","target":{"@type":"EntryPoint","urlTemplate":"https:\/\/mariedubrulle.com\/?s={search_term_string}"},"query-input":{"@type":"PropertyValueSpecification","valueRequired":true,"valueName":"search_term_string"}}],"inLanguage":"fr-FR"},{"@type":["Person","Organization"],"@id":"https:\/\/mariedubrulle.com\/#\/schema\/person\/1439f191d35a8547a82f0ae860c21149","name":"marie.dubrulle","image":{"@type":"ImageObject","inLanguage":"fr-FR","@id":"https:\/\/secure.gravatar.com\/avatar\/2db183aee1df97cfd08cd9300d37b56c62c42a951be146db4f5e3aa9aa39ee33?s=96&d=mm&r=g","url":"https:\/\/secure.gravatar.com\/avatar\/2db183aee1df97cfd08cd9300d37b56c62c42a951be146db4f5e3aa9aa39ee33?s=96&d=mm&r=g","contentUrl":"https:\/\/secure.gravatar.com\/avatar\/2db183aee1df97cfd08cd9300d37b56c62c42a951be146db4f5e3aa9aa39ee33?s=96&d=mm&r=g","caption":"marie.dubrulle"},"logo":{"@id":"https:\/\/secure.gravatar.com\/avatar\/2db183aee1df97cfd08cd9300d37b56c62c42a951be146db4f5e3aa9aa39ee33?s=96&d=mm&r=g"}}]}},"_links":{"self":[{"href":"https:\/\/mariedubrulle.com\/index.php\/wp-json\/wp\/v2\/pages\/3813","targetHints":{"allow":["GET"]}}],"collection":[{"href":"https:\/\/mariedubrulle.com\/index.php\/wp-json\/wp\/v2\/pages"}],"about":[{"href":"https:\/\/mariedubrulle.com\/index.php\/wp-json\/wp\/v2\/types\/page"}],"author":[{"embeddable":true,"href":"https:\/\/mariedubrulle.com\/index.php\/wp-json\/wp\/v2\/users\/2"}],"replies":[{"embeddable":true,"href":"https:\/\/mariedubrulle.com\/index.php\/wp-json\/wp\/v2\/comments?post=3813"}],"version-history":[{"count":0,"href":"https:\/\/mariedubrulle.com\/index.php\/wp-json\/wp\/v2\/pages\/3813\/revisions"}],"wp:featuredmedia":[{"embeddable":true,"href":"https:\/\/mariedubrulle.com\/index.php\/wp-json\/wp\/v2\/media\/6401"}],"wp:attachment":[{"href":"https:\/\/mariedubrulle.com\/index.php\/wp-json\/wp\/v2\/media?parent=3813"}],"curies":[{"name":"wp","href":"https:\/\/api.w.org\/{rel}","templated":true}]}}