{"id":62,"date":"2019-09-09T12:06:07","date_gmt":"2019-09-09T10:06:07","guid":{"rendered":"http:\/\/mariedubrulle.com\/?page_id=62"},"modified":"2024-11-22T09:25:47","modified_gmt":"2024-11-22T09:25:47","slug":"mentions-legales","status":"publish","type":"page","link":"https:\/\/mariedubrulle.com\/index.php\/mentions-legales\/","title":{"rendered":"Mentions l\u00e9gales"},"content":{"rendered":"<p>Entreprise individuelle sous le r\u00e9gime de la micro entreprise; Marie Dubrulle Photographie<br \/>\nHauts de France SIREN 851 569 145<\/p>\n<p>N\u00b0TVA intra communautaire FR 17851569145<\/p>\n<p>Si\u00e8ge social : 11 impasse pavillon du foyer 59110 LA MADELEINE<br \/>\nT\u00e9l\u00e9phone : 06.69.35.92.62<br \/>\nE-mail : contact@mariedubrulle.com<br \/>\nRepr\u00e9sentant l\u00e9gal : Marie Dubrulle<br \/>\nSite r\u00e9alis\u00e9 par Marie Dubrulle<br \/>\nCentre serveur : OVH<br \/>\nSAS au capital de 10 000 000\u20ac<br \/>\n2 rue Kellermann &#8211; 59100 Roubaix &#8211; France.<br \/>\nT\u00e9l\u00e9phone : 0 820 698 765<\/p>\n<p>Collecte de donn\u00e9es personnelles :<br \/>\nMarie DUBRULLE<br \/>\n\u00ab Les informations recueillies font l\u2019objet d\u2019un traitement informatique destin\u00e9 \u00e0 classer les informations. Les destinataires des donn\u00e9es sont Marie Dubrulle<br \/>\nConform\u00e9ment \u00e0 la loi \u00ab informatique et libert\u00e9s \u00bb du 6 janvier 1978 modifi\u00e9e en 2004, vous<br \/>\nb\u00e9n\u00e9ficiez d\u2019un droit d\u2019acc\u00e8s et de rectification aux informations qui vous concernent, que vous<br \/>\npouvez exercer en vous adressant \u00e0 Marie Dubrulle par mail \u00e0 lifephotography.bym@gmail.com<br \/>\nVous pouvez \u00e9galement, pour des motifs l\u00e9gitimes, vous opposer au traitement des donn\u00e9es vous<br \/>\nconcernant.&#8221;<\/p>\n<p>Toutes les photos pr\u00e9sentes sur ce site sont la propri\u00e9t\u00e9 intellectuelle de la photographe Marie Dubrulle qui en est l&#8217;auteur.<\/p>\n","protected":false},"excerpt":{"rendered":"<p>Entreprise individuelle sous le r\u00e9gime de la micro entreprise; Marie Dubrulle Photographie Hauts de France SIREN 851 569 145 N\u00b0TVA intra communautaire FR 17851569145 Si\u00e8ge social : 11 impasse pavillon du foyer 59110 LA MADELEINE T\u00e9l\u00e9phone : 06.69.35.92.62 E-mail : contact@mariedubrulle.com Repr\u00e9sentant l\u00e9gal : Marie Dubrulle Site r\u00e9alis\u00e9 par Marie Dubrulle Centre serveur : OVH [&hellip;]<\/p>\n","protected":false},"author":2,"featured_media":4417,"parent":0,"menu_order":0,"comment_status":"closed","ping_status":"closed","template":"","meta":{"narrative_post_script":"","footnotes":""},"class_list":["post-62","page","type-page","status-publish","has-post-thumbnail"],"yoast_head":"<!-- This site is optimized with the Yoast SEO plugin v27.5 - https:\/\/yoast.com\/product\/yoast-seo-wordpress\/ -->\n<title>Mentions l\u00e9gales Marie Dubrulle<\/title>\n<meta name=\"description\" content=\"Mentions l\u00e9gales, photographe de mariage \u00e0 Lille, Nord, et partout o\u00f9 vos histoires l&#039;emm\u00e8nent.\" \/>\n<meta name=\"robots\" content=\"noindex, nofollow\" \/>\n<meta property=\"og:locale\" content=\"fr_FR\" \/>\n<meta property=\"og:type\" content=\"article\" \/>\n<meta property=\"og:title\" content=\"Mentions l\u00e9gales site Marie Dubrulle\" \/>\n<meta property=\"og:description\" content=\"Mentions l\u00e9gales site Marie Dubrulle\" \/>\n<meta property=\"og:url\" content=\"https:\/\/mariedubrulle.com\/index.php\/mentions-legales\/\" \/>\n<meta property=\"og:site_name\" content=\"Marie Dubrulle Photographie\" \/>\n<meta property=\"article:modified_time\" content=\"2024-11-22T09:25:47+00:00\" \/>\n<meta property=\"og:image\" content=\"https:\/\/mariedubrulle.com\/wp-content\/uploads\/logo-md_noir-1.png\" \/>\n\t<meta property=\"og:image:width\" content=\"833\" \/>\n\t<meta property=\"og:image:height\" content=\"366\" \/>\n\t<meta property=\"og:image:type\" content=\"image\/png\" \/>\n<meta name=\"twitter:card\" content=\"summary_large_image\" \/>\n<meta name=\"twitter:title\" content=\"Mentions l\u00e9gales site Marie Dubrulle\" \/>\n<meta name=\"twitter:description\" content=\"Mentions l\u00e9gales site Marie Dubrulle\" \/>\n<meta name=\"twitter:image\" content=\"https:\/\/mariedubrulle.com\/wp-content\/uploads\/logo-md_noir-1-1.png\" \/>\n<meta name=\"twitter:label1\" content=\"Dur\u00e9e de lecture estim\u00e9e\" \/>\n\t<meta name=\"twitter:data1\" content=\"2 minutes\" \/>\n<script type=\"application\/ld+json\" class=\"yoast-schema-graph\">{\"@context\":\"https:\\\/\\\/schema.org\",\"@graph\":[{\"@type\":\"WebPage\",\"@id\":\"https:\\\/\\\/mariedubrulle.com\\\/index.php\\\/mentions-legales\\\/\",\"url\":\"https:\\\/\\\/mariedubrulle.com\\\/index.php\\\/mentions-legales\\\/\",\"name\":\"Mentions l\u00e9gales Marie Dubrulle\",\"isPartOf\":{\"@id\":\"https:\\\/\\\/mariedubrulle.com\\\/#website\"},\"primaryImageOfPage\":{\"@id\":\"https:\\\/\\\/mariedubrulle.com\\\/index.php\\\/mentions-legales\\\/#primaryimage\"},\"image\":{\"@id\":\"https:\\\/\\\/mariedubrulle.com\\\/index.php\\\/mentions-legales\\\/#primaryimage\"},\"thumbnailUrl\":\"https:\\\/\\\/mariedubrulle.com\\\/wp-content\\\/uploads\\\/logo-md_noir-1-1.png\",\"datePublished\":\"2019-09-09T10:06:07+00:00\",\"dateModified\":\"2024-11-22T09:25:47+00:00\",\"description\":\"Mentions l\u00e9gales, photographe de mariage \u00e0 Lille, Nord, et partout o\u00f9 vos histoires l'emm\u00e8nent.\",\"breadcrumb\":{\"@id\":\"https:\\\/\\\/mariedubrulle.com\\\/index.php\\\/mentions-legales\\\/#breadcrumb\"},\"inLanguage\":\"fr-FR\",\"potentialAction\":[{\"@type\":\"ReadAction\",\"target\":[\"https:\\\/\\\/mariedubrulle.com\\\/index.php\\\/mentions-legales\\\/\"]}]},{\"@type\":\"ImageObject\",\"inLanguage\":\"fr-FR\",\"@id\":\"https:\\\/\\\/mariedubrulle.com\\\/index.php\\\/mentions-legales\\\/#primaryimage\",\"url\":\"https:\\\/\\\/mariedubrulle.com\\\/wp-content\\\/uploads\\\/logo-md_noir-1-1.png\",\"contentUrl\":\"https:\\\/\\\/mariedubrulle.com\\\/wp-content\\\/uploads\\\/logo-md_noir-1-1.png\",\"width\":2000,\"height\":820,\"caption\":\"Logo marie dubrulle\"},{\"@type\":\"BreadcrumbList\",\"@id\":\"https:\\\/\\\/mariedubrulle.com\\\/index.php\\\/mentions-legales\\\/#breadcrumb\",\"itemListElement\":[{\"@type\":\"ListItem\",\"position\":1,\"name\":\"Home\",\"item\":\"https:\\\/\\\/mariedubrulle.com\\\/\"},{\"@type\":\"ListItem\",\"position\":2,\"name\":\"Mentions l\u00e9gales\"}]},{\"@type\":\"WebSite\",\"@id\":\"https:\\\/\\\/mariedubrulle.com\\\/#website\",\"url\":\"https:\\\/\\\/mariedubrulle.com\\\/\",\"name\":\"mariedubrullephotographie\",\"description\":\"Photographe de moments de vie\",\"publisher\":{\"@id\":\"https:\\\/\\\/mariedubrulle.com\\\/#\\\/schema\\\/person\\\/1439f191d35a8547a82f0ae860c21149\"},\"potentialAction\":[{\"@type\":\"SearchAction\",\"target\":{\"@type\":\"EntryPoint\",\"urlTemplate\":\"https:\\\/\\\/mariedubrulle.com\\\/?s={search_term_string}\"},\"query-input\":{\"@type\":\"PropertyValueSpecification\",\"valueRequired\":true,\"valueName\":\"search_term_string\"}}],\"inLanguage\":\"fr-FR\"},{\"@type\":[\"Person\",\"Organization\"],\"@id\":\"https:\\\/\\\/mariedubrulle.com\\\/#\\\/schema\\\/person\\\/1439f191d35a8547a82f0ae860c21149\",\"name\":\"marie.dubrulle\",\"image\":{\"@type\":\"ImageObject\",\"inLanguage\":\"fr-FR\",\"@id\":\"https:\\\/\\\/secure.gravatar.com\\\/avatar\\\/2db183aee1df97cfd08cd9300d37b56c62c42a951be146db4f5e3aa9aa39ee33?s=96&d=mm&r=g\",\"url\":\"https:\\\/\\\/secure.gravatar.com\\\/avatar\\\/2db183aee1df97cfd08cd9300d37b56c62c42a951be146db4f5e3aa9aa39ee33?s=96&d=mm&r=g\",\"contentUrl\":\"https:\\\/\\\/secure.gravatar.com\\\/avatar\\\/2db183aee1df97cfd08cd9300d37b56c62c42a951be146db4f5e3aa9aa39ee33?s=96&d=mm&r=g\",\"caption\":\"marie.dubrulle\"},\"logo\":{\"@id\":\"https:\\\/\\\/secure.gravatar.com\\\/avatar\\\/2db183aee1df97cfd08cd9300d37b56c62c42a951be146db4f5e3aa9aa39ee33?s=96&d=mm&r=g\"}}]}<\/script>\n<!-- \/ Yoast SEO plugin. -->","yoast_head_json":{"title":"Mentions l\u00e9gales Marie Dubrulle","description":"Mentions l\u00e9gales, photographe de mariage \u00e0 Lille, Nord, et partout o\u00f9 vos histoires l'emm\u00e8nent.","robots":{"index":"noindex","follow":"nofollow"},"og_locale":"fr_FR","og_type":"article","og_title":"Mentions l\u00e9gales site Marie Dubrulle","og_description":"Mentions l\u00e9gales site Marie Dubrulle","og_url":"https:\/\/mariedubrulle.com\/index.php\/mentions-legales\/","og_site_name":"Marie Dubrulle Photographie","article_modified_time":"2024-11-22T09:25:47+00:00","og_image":[{"width":833,"height":366,"url":"https:\/\/mariedubrulle.com\/wp-content\/uploads\/logo-md_noir-1.png","type":"image\/png"}],"twitter_card":"summary_large_image","twitter_title":"Mentions l\u00e9gales site Marie Dubrulle","twitter_description":"Mentions l\u00e9gales site Marie Dubrulle","twitter_image":"https:\/\/mariedubrulle.com\/wp-content\/uploads\/logo-md_noir-1-1.png","twitter_misc":{"Dur\u00e9e de lecture estim\u00e9e":"2 minutes"},"schema":{"@context":"https:\/\/schema.org","@graph":[{"@type":"WebPage","@id":"https:\/\/mariedubrulle.com\/index.php\/mentions-legales\/","url":"https:\/\/mariedubrulle.com\/index.php\/mentions-legales\/","name":"Mentions l\u00e9gales Marie Dubrulle","isPartOf":{"@id":"https:\/\/mariedubrulle.com\/#website"},"primaryImageOfPage":{"@id":"https:\/\/mariedubrulle.com\/index.php\/mentions-legales\/#primaryimage"},"image":{"@id":"https:\/\/mariedubrulle.com\/index.php\/mentions-legales\/#primaryimage"},"thumbnailUrl":"https:\/\/mariedubrulle.com\/wp-content\/uploads\/logo-md_noir-1-1.png","datePublished":"2019-09-09T10:06:07+00:00","dateModified":"2024-11-22T09:25:47+00:00","description":"Mentions l\u00e9gales, photographe de mariage \u00e0 Lille, Nord, et partout o\u00f9 vos histoires l'emm\u00e8nent.","breadcrumb":{"@id":"https:\/\/mariedubrulle.com\/index.php\/mentions-legales\/#breadcrumb"},"inLanguage":"fr-FR","potentialAction":[{"@type":"ReadAction","target":["https:\/\/mariedubrulle.com\/index.php\/mentions-legales\/"]}]},{"@type":"ImageObject","inLanguage":"fr-FR","@id":"https:\/\/mariedubrulle.com\/index.php\/mentions-legales\/#primaryimage","url":"https:\/\/mariedubrulle.com\/wp-content\/uploads\/logo-md_noir-1-1.png","contentUrl":"https:\/\/mariedubrulle.com\/wp-content\/uploads\/logo-md_noir-1-1.png","width":2000,"height":820,"caption":"Logo marie dubrulle"},{"@type":"BreadcrumbList","@id":"https:\/\/mariedubrulle.com\/index.php\/mentions-legales\/#breadcrumb","itemListElement":[{"@type":"ListItem","position":1,"name":"Home","item":"https:\/\/mariedubrulle.com\/"},{"@type":"ListItem","position":2,"name":"Mentions l\u00e9gales"}]},{"@type":"WebSite","@id":"https:\/\/mariedubrulle.com\/#website","url":"https:\/\/mariedubrulle.com\/","name":"mariedubrullephotographie","description":"Photographe de moments de vie","publisher":{"@id":"https:\/\/mariedubrulle.com\/#\/schema\/person\/1439f191d35a8547a82f0ae860c21149"},"potentialAction":[{"@type":"SearchAction","target":{"@type":"EntryPoint","urlTemplate":"https:\/\/mariedubrulle.com\/?s={search_term_string}"},"query-input":{"@type":"PropertyValueSpecification","valueRequired":true,"valueName":"search_term_string"}}],"inLanguage":"fr-FR"},{"@type":["Person","Organization"],"@id":"https:\/\/mariedubrulle.com\/#\/schema\/person\/1439f191d35a8547a82f0ae860c21149","name":"marie.dubrulle","image":{"@type":"ImageObject","inLanguage":"fr-FR","@id":"https:\/\/secure.gravatar.com\/avatar\/2db183aee1df97cfd08cd9300d37b56c62c42a951be146db4f5e3aa9aa39ee33?s=96&d=mm&r=g","url":"https:\/\/secure.gravatar.com\/avatar\/2db183aee1df97cfd08cd9300d37b56c62c42a951be146db4f5e3aa9aa39ee33?s=96&d=mm&r=g","contentUrl":"https:\/\/secure.gravatar.com\/avatar\/2db183aee1df97cfd08cd9300d37b56c62c42a951be146db4f5e3aa9aa39ee33?s=96&d=mm&r=g","caption":"marie.dubrulle"},"logo":{"@id":"https:\/\/secure.gravatar.com\/avatar\/2db183aee1df97cfd08cd9300d37b56c62c42a951be146db4f5e3aa9aa39ee33?s=96&d=mm&r=g"}}]}},"_links":{"self":[{"href":"https:\/\/mariedubrulle.com\/index.php\/wp-json\/wp\/v2\/pages\/62","targetHints":{"allow":["GET"]}}],"collection":[{"href":"https:\/\/mariedubrulle.com\/index.php\/wp-json\/wp\/v2\/pages"}],"about":[{"href":"https:\/\/mariedubrulle.com\/index.php\/wp-json\/wp\/v2\/types\/page"}],"author":[{"embeddable":true,"href":"https:\/\/mariedubrulle.com\/index.php\/wp-json\/wp\/v2\/users\/2"}],"replies":[{"embeddable":true,"href":"https:\/\/mariedubrulle.com\/index.php\/wp-json\/wp\/v2\/comments?post=62"}],"version-history":[{"count":0,"href":"https:\/\/mariedubrulle.com\/index.php\/wp-json\/wp\/v2\/pages\/62\/revisions"}],"wp:featuredmedia":[{"embeddable":true,"href":"https:\/\/mariedubrulle.com\/index.php\/wp-json\/wp\/v2\/media\/4417"}],"wp:attachment":[{"href":"https:\/\/mariedubrulle.com\/index.php\/wp-json\/wp\/v2\/media?parent=62"}],"curies":[{"name":"wp","href":"https:\/\/api.w.org\/{rel}","templated":true}]}}