{"id":6694,"date":"2023-01-04T12:40:59","date_gmt":"2023-01-04T12:40:59","guid":{"rendered":"https:\/\/mariedubrulle.com\/?page_id=6694"},"modified":"2024-11-22T07:59:10","modified_gmt":"2024-11-22T07:59:10","slug":"contact-projet-pro","status":"publish","type":"page","link":"https:\/\/mariedubrulle.com\/index.php\/contact-projet-pro\/","title":{"rendered":"Contact projet pro"},"content":{"rendered":"\n<p><\/p>\n\n\n\n<p>Prenez contact avec la photographe Marie Dubrulle pour lui raconter votre histoire, de o\u00f9 vous venez, o\u00f9 vous allez, qui vous \u00eates, ce que vous aimez.<br>Bref, racontez lui qui vous \u00eates et ce qui vous am\u00e8ne \u00e0 la contacter. <br>Donnez un maximum de d\u00e9tails, elle adore vous lire. <br>Elle aime aussi construire ses s\u00e9ances en fonction de qui vous \u00eates, de ce que vous aimez.  Pour que ce reportage soit le v\u00f4tre, personnel. Comme une page de votre vie couch\u00e9e sur papier (ou presque)<\/p>\n\n\n\n<p>D\u00e9couvrez son travail ici <a href=\"https:\/\/mariedubrulle.com\/index.php\/portfolio\/\" target=\"_blank\" rel=\"noreferrer noopener\">https:\/\/mariedubrulle.com\/index.php\/portfolio\/<\/a><\/p>\n\n\n\n<p>D\u00e9couvrez aussi ces publications sur des blogs de mariage r\u00e9put\u00e9s comme le blog de la mari\u00e9e aux pieds nus <a href=\"https:\/\/www.lamarieeauxpiedsnus.com\/tag\/marie-dubrulle\/\">ici<\/a> . <\/p>\n\n\n\n<p>Marie Dubrulle travaille beaucoup avec la lumi\u00e8re qu&#8217;elle trouve magique. Une lumi\u00e8re forte, plus douce, tout saura la ravir et vos images prendra une autre dimension gr\u00e2ce \u00e0 ce point sur lequel elle met un point d&#8217;honneur tout au long de la s\u00e9ance. Tout comme votre accompagnement. Elle vous parlera beaucoup, vous guidera, pour cr\u00e9er ces images que vous avez aim\u00e9es dans son travail<\/p>\n\n\n\n<p>Toutes ces histoires racont\u00e9es en images, \u00e7a pourrait \u00eatre la v\u00f4tre. Partager une tranche de vie.<br><br>N&#8217;h\u00e9sitez pas \u00e0 remplir chaque champs du formulaire; ils ont tous leur importance. <\/p>\n\n\n\n<p>Comment l&#8217;avez vous connue ? Par les r\u00e9seaux, une connaissance, un blog ? Pourquoi la contactez vous ? Pour quelle date ? O\u00f9 prendra vie ce projet ?<\/p>\n\n\n\n<p>Pour un contact avec la photographe marie dubrulle c&#8217;est par ici<\/p>\n\n\n\n<p>N&#8217;oubliez pas de bien v\u00e9rifier vos coordonn\u00e9es pour \u00e9viter un formulaire mis en \u00e9chec; et de ce fait un projet qui tombe \u00e0 l&#8217;eau .<\/p>\n","protected":false},"excerpt":{"rendered":"<p>Prenez contact avec la photographe Marie Dubrulle pour lui raconter votre histoire, de o\u00f9 vous venez, o\u00f9 vous allez, qui vous \u00eates, ce que vous aimez.Bref, racontez lui qui vous \u00eates et ce qui vous am\u00e8ne \u00e0 la contacter. Donnez un maximum de d\u00e9tails, elle adore vous lire. Elle aime aussi construire ses s\u00e9ances en [&hellip;]<\/p>\n","protected":false},"author":2,"featured_media":0,"parent":0,"menu_order":0,"comment_status":"closed","ping_status":"closed","template":"","meta":{"narrative_post_script":"","footnotes":""},"class_list":["post-6694","page","type-page","status-publish"],"yoast_head":"<!-- This site is optimized with the Yoast SEO plugin v27.5 - https:\/\/yoast.com\/product\/yoast-seo-wordpress\/ -->\n<title>Contact projet pro - Marie Dubrulle Photographie<\/title>\n<meta name=\"description\" content=\"Contactez-moi pour discuter de votre projet photo professionnel et d\u00e9couvrir comment valoriser votre activit\u00e9 avec des images uniques.\" \/>\n<meta name=\"robots\" content=\"index, follow, max-snippet:-1, max-image-preview:large, max-video-preview:-1\" \/>\n<link rel=\"canonical\" href=\"https:\/\/mariedubrulle.com\/index.php\/contact-projet-pro\/\" \/>\n<meta property=\"og:locale\" content=\"fr_FR\" \/>\n<meta property=\"og:type\" content=\"article\" \/>\n<meta property=\"og:title\" content=\"Contact projet pro - Marie Dubrulle Photographie\" \/>\n<meta property=\"og:description\" content=\"Contactez-moi pour discuter de votre projet photo professionnel et d\u00e9couvrir comment valoriser votre activit\u00e9 avec des images uniques.\" \/>\n<meta property=\"og:url\" content=\"https:\/\/mariedubrulle.com\/index.php\/contact-projet-pro\/\" \/>\n<meta property=\"og:site_name\" content=\"Marie Dubrulle Photographie\" \/>\n<meta property=\"article:modified_time\" content=\"2024-11-22T07:59:10+00:00\" \/>\n<meta property=\"og:image\" content=\"https:\/\/mariedubrulle.com\/wp-content\/uploads\/Elopement-en-nor-Lille-MARIEDUBRULLE-160_opt.jpg\" \/>\n\t<meta property=\"og:image:width\" content=\"333\" \/>\n\t<meta property=\"og:image:height\" content=\"500\" \/>\n\t<meta property=\"og:image:type\" content=\"image\/jpeg\" \/>\n<meta name=\"twitter:card\" content=\"summary_large_image\" \/>\n<meta name=\"twitter:label1\" content=\"Dur\u00e9e de lecture estim\u00e9e\" \/>\n\t<meta name=\"twitter:data1\" content=\"2 minutes\" \/>\n<script type=\"application\/ld+json\" class=\"yoast-schema-graph\">{\"@context\":\"https:\\\/\\\/schema.org\",\"@graph\":[{\"@type\":\"WebPage\",\"@id\":\"https:\\\/\\\/mariedubrulle.com\\\/index.php\\\/contact-projet-pro\\\/\",\"url\":\"https:\\\/\\\/mariedubrulle.com\\\/index.php\\\/contact-projet-pro\\\/\",\"name\":\"Contact projet pro - Marie Dubrulle Photographie\",\"isPartOf\":{\"@id\":\"https:\\\/\\\/mariedubrulle.com\\\/#website\"},\"datePublished\":\"2023-01-04T12:40:59+00:00\",\"dateModified\":\"2024-11-22T07:59:10+00:00\",\"description\":\"Contactez-moi pour discuter de votre projet photo professionnel et d\u00e9couvrir comment valoriser votre activit\u00e9 avec des images uniques.\",\"breadcrumb\":{\"@id\":\"https:\\\/\\\/mariedubrulle.com\\\/index.php\\\/contact-projet-pro\\\/#breadcrumb\"},\"inLanguage\":\"fr-FR\",\"potentialAction\":[{\"@type\":\"ReadAction\",\"target\":[\"https:\\\/\\\/mariedubrulle.com\\\/index.php\\\/contact-projet-pro\\\/\"]}]},{\"@type\":\"BreadcrumbList\",\"@id\":\"https:\\\/\\\/mariedubrulle.com\\\/index.php\\\/contact-projet-pro\\\/#breadcrumb\",\"itemListElement\":[{\"@type\":\"ListItem\",\"position\":1,\"name\":\"Home\",\"item\":\"https:\\\/\\\/mariedubrulle.com\\\/\"},{\"@type\":\"ListItem\",\"position\":2,\"name\":\"Contact projet pro\"}]},{\"@type\":\"WebSite\",\"@id\":\"https:\\\/\\\/mariedubrulle.com\\\/#website\",\"url\":\"https:\\\/\\\/mariedubrulle.com\\\/\",\"name\":\"mariedubrullephotographie\",\"description\":\"Photographe de moments de vie\",\"publisher\":{\"@id\":\"https:\\\/\\\/mariedubrulle.com\\\/#\\\/schema\\\/person\\\/1439f191d35a8547a82f0ae860c21149\"},\"potentialAction\":[{\"@type\":\"SearchAction\",\"target\":{\"@type\":\"EntryPoint\",\"urlTemplate\":\"https:\\\/\\\/mariedubrulle.com\\\/?s={search_term_string}\"},\"query-input\":{\"@type\":\"PropertyValueSpecification\",\"valueRequired\":true,\"valueName\":\"search_term_string\"}}],\"inLanguage\":\"fr-FR\"},{\"@type\":[\"Person\",\"Organization\"],\"@id\":\"https:\\\/\\\/mariedubrulle.com\\\/#\\\/schema\\\/person\\\/1439f191d35a8547a82f0ae860c21149\",\"name\":\"marie.dubrulle\",\"image\":{\"@type\":\"ImageObject\",\"inLanguage\":\"fr-FR\",\"@id\":\"https:\\\/\\\/secure.gravatar.com\\\/avatar\\\/2db183aee1df97cfd08cd9300d37b56c62c42a951be146db4f5e3aa9aa39ee33?s=96&d=mm&r=g\",\"url\":\"https:\\\/\\\/secure.gravatar.com\\\/avatar\\\/2db183aee1df97cfd08cd9300d37b56c62c42a951be146db4f5e3aa9aa39ee33?s=96&d=mm&r=g\",\"contentUrl\":\"https:\\\/\\\/secure.gravatar.com\\\/avatar\\\/2db183aee1df97cfd08cd9300d37b56c62c42a951be146db4f5e3aa9aa39ee33?s=96&d=mm&r=g\",\"caption\":\"marie.dubrulle\"},\"logo\":{\"@id\":\"https:\\\/\\\/secure.gravatar.com\\\/avatar\\\/2db183aee1df97cfd08cd9300d37b56c62c42a951be146db4f5e3aa9aa39ee33?s=96&d=mm&r=g\"}}]}<\/script>\n<!-- \/ Yoast SEO plugin. -->","yoast_head_json":{"title":"Contact projet pro - Marie Dubrulle Photographie","description":"Contactez-moi pour discuter de votre projet photo professionnel et d\u00e9couvrir comment valoriser votre activit\u00e9 avec des images uniques.","robots":{"index":"index","follow":"follow","max-snippet":"max-snippet:-1","max-image-preview":"max-image-preview:large","max-video-preview":"max-video-preview:-1"},"canonical":"https:\/\/mariedubrulle.com\/index.php\/contact-projet-pro\/","og_locale":"fr_FR","og_type":"article","og_title":"Contact projet pro - Marie Dubrulle Photographie","og_description":"Contactez-moi pour discuter de votre projet photo professionnel et d\u00e9couvrir comment valoriser votre activit\u00e9 avec des images uniques.","og_url":"https:\/\/mariedubrulle.com\/index.php\/contact-projet-pro\/","og_site_name":"Marie Dubrulle Photographie","article_modified_time":"2024-11-22T07:59:10+00:00","og_image":[{"width":333,"height":500,"url":"https:\/\/mariedubrulle.com\/wp-content\/uploads\/Elopement-en-nor-Lille-MARIEDUBRULLE-160_opt.jpg","type":"image\/jpeg"}],"twitter_card":"summary_large_image","twitter_misc":{"Dur\u00e9e de lecture estim\u00e9e":"2 minutes"},"schema":{"@context":"https:\/\/schema.org","@graph":[{"@type":"WebPage","@id":"https:\/\/mariedubrulle.com\/index.php\/contact-projet-pro\/","url":"https:\/\/mariedubrulle.com\/index.php\/contact-projet-pro\/","name":"Contact projet pro - Marie Dubrulle Photographie","isPartOf":{"@id":"https:\/\/mariedubrulle.com\/#website"},"datePublished":"2023-01-04T12:40:59+00:00","dateModified":"2024-11-22T07:59:10+00:00","description":"Contactez-moi pour discuter de votre projet photo professionnel et d\u00e9couvrir comment valoriser votre activit\u00e9 avec des images uniques.","breadcrumb":{"@id":"https:\/\/mariedubrulle.com\/index.php\/contact-projet-pro\/#breadcrumb"},"inLanguage":"fr-FR","potentialAction":[{"@type":"ReadAction","target":["https:\/\/mariedubrulle.com\/index.php\/contact-projet-pro\/"]}]},{"@type":"BreadcrumbList","@id":"https:\/\/mariedubrulle.com\/index.php\/contact-projet-pro\/#breadcrumb","itemListElement":[{"@type":"ListItem","position":1,"name":"Home","item":"https:\/\/mariedubrulle.com\/"},{"@type":"ListItem","position":2,"name":"Contact projet pro"}]},{"@type":"WebSite","@id":"https:\/\/mariedubrulle.com\/#website","url":"https:\/\/mariedubrulle.com\/","name":"mariedubrullephotographie","description":"Photographe de moments de vie","publisher":{"@id":"https:\/\/mariedubrulle.com\/#\/schema\/person\/1439f191d35a8547a82f0ae860c21149"},"potentialAction":[{"@type":"SearchAction","target":{"@type":"EntryPoint","urlTemplate":"https:\/\/mariedubrulle.com\/?s={search_term_string}"},"query-input":{"@type":"PropertyValueSpecification","valueRequired":true,"valueName":"search_term_string"}}],"inLanguage":"fr-FR"},{"@type":["Person","Organization"],"@id":"https:\/\/mariedubrulle.com\/#\/schema\/person\/1439f191d35a8547a82f0ae860c21149","name":"marie.dubrulle","image":{"@type":"ImageObject","inLanguage":"fr-FR","@id":"https:\/\/secure.gravatar.com\/avatar\/2db183aee1df97cfd08cd9300d37b56c62c42a951be146db4f5e3aa9aa39ee33?s=96&d=mm&r=g","url":"https:\/\/secure.gravatar.com\/avatar\/2db183aee1df97cfd08cd9300d37b56c62c42a951be146db4f5e3aa9aa39ee33?s=96&d=mm&r=g","contentUrl":"https:\/\/secure.gravatar.com\/avatar\/2db183aee1df97cfd08cd9300d37b56c62c42a951be146db4f5e3aa9aa39ee33?s=96&d=mm&r=g","caption":"marie.dubrulle"},"logo":{"@id":"https:\/\/secure.gravatar.com\/avatar\/2db183aee1df97cfd08cd9300d37b56c62c42a951be146db4f5e3aa9aa39ee33?s=96&d=mm&r=g"}}]}},"_links":{"self":[{"href":"https:\/\/mariedubrulle.com\/index.php\/wp-json\/wp\/v2\/pages\/6694","targetHints":{"allow":["GET"]}}],"collection":[{"href":"https:\/\/mariedubrulle.com\/index.php\/wp-json\/wp\/v2\/pages"}],"about":[{"href":"https:\/\/mariedubrulle.com\/index.php\/wp-json\/wp\/v2\/types\/page"}],"author":[{"embeddable":true,"href":"https:\/\/mariedubrulle.com\/index.php\/wp-json\/wp\/v2\/users\/2"}],"replies":[{"embeddable":true,"href":"https:\/\/mariedubrulle.com\/index.php\/wp-json\/wp\/v2\/comments?post=6694"}],"version-history":[{"count":0,"href":"https:\/\/mariedubrulle.com\/index.php\/wp-json\/wp\/v2\/pages\/6694\/revisions"}],"wp:attachment":[{"href":"https:\/\/mariedubrulle.com\/index.php\/wp-json\/wp\/v2\/media?parent=6694"}],"curies":[{"name":"wp","href":"https:\/\/api.w.org\/{rel}","templated":true}]}}