{"id":6799,"date":"2023-01-04T12:39:04","date_gmt":"2023-01-04T12:39:04","guid":{"rendered":"https:\/\/mariedubrulle.com\/?page_id=6799"},"modified":"2024-11-22T09:56:51","modified_gmt":"2024-11-22T09:56:51","slug":"shootings-mode","status":"publish","type":"page","link":"https:\/\/mariedubrulle.com\/index.php\/shootings-mode\/","title":{"rendered":"PORTFOLIO MODE"},"content":{"rendered":"\n<h2 class=\"wp-block-heading\">Shootings mode et \u00e9ditoriaux<\/h2>\n\n\n\n<p>D\u00e9couvrez ici tous les shootings mode ou \u00e9ditoriaux r\u00e9alis\u00e9s par Marie Dubrulle photographe.<br>Que vous soyez une marque de pr\u00eat \u00e0 porter, une marque de bijoux, un revendeur, une boutique, vous aurez besoin de vous cr\u00e9er une identit\u00e9 forte et donc de montrer aussi vos produits au travers de lookbooks par exemple. Un lookbook, une campagne de collection afin de donner une orientation \u00e0 votre collection, une identit\u00e9 qui puisse donner envie \u00e0 vos clients d&#8217;aller voir vos produits d&#8217;un peu plus pr\u00e8s.<\/p>\n\n\n\n<p>Ces shootings mode peuvent aussi tout simplement afin de cr\u00e9er des fiches produits avec vos produits port\u00e9s. Un produit port\u00e9 vaut mille mots. Nous pouvons donc \u00e9changer sur vos shootings produits hors packshots afin de mettre vos produits en situation.<\/p>\n\n\n\n<p>D\u00e9couvrez par exemple le shooting r\u00e9alis\u00e9 pour <a href=\"https:\/\/mariedubrulle.com\/index.php\/gallery\/lookbook-bijoux-ballota-nigra\/\">Ballota Nigra ici<\/a> et d\u00e9couvrez ici comment elle a exploit\u00e9 ensuite ces photos sur <a href=\"https:\/\/www.ballotanigra.com\/\">son site<\/a> et support de com par exemple.<br><\/p>\n\n\n\n<p>Marie est photographe de mode et vous permet de mettre en valeur vos produits \u00e0 travers de shootings et de photos personnalis\u00e9s. Elle vous accompagne au mieux afin d&#8217;afiner vos besoins et de vous aider \u00e0 trouver votre identit\u00e9 graphique.<br>Photographe de mode, photographe de pr\u00eat \u00e0 porter, de bijoux.<\/p>\n\n\n\n<p><\/p>\n","protected":false},"excerpt":{"rendered":"<p>Shootings mode et \u00e9ditoriaux D\u00e9couvrez ici tous les shootings mode ou \u00e9ditoriaux r\u00e9alis\u00e9s par Marie Dubrulle photographe.Que vous soyez une marque de pr\u00eat \u00e0 porter, une marque de bijoux, un revendeur, une boutique, vous aurez besoin de vous cr\u00e9er une identit\u00e9 forte et donc de montrer aussi vos produits au travers de lookbooks par exemple. [&hellip;]<\/p>\n","protected":false},"author":2,"featured_media":6594,"parent":0,"menu_order":0,"comment_status":"closed","ping_status":"closed","template":"","meta":{"narrative_post_script":"","footnotes":""},"class_list":["post-6799","page","type-page","status-publish","has-post-thumbnail"],"yoast_head":"<!-- This site is optimized with the Yoast SEO plugin v27.5 - https:\/\/yoast.com\/product\/yoast-seo-wordpress\/ -->\n<title>Shootings modes ou \u00e9ditoriaux<\/title>\n<meta name=\"description\" content=\"D\u00e9couvrez ici tous les shootings mode ou \u00e9ditoriaux r\u00e9alis\u00e9s par Marie Dubrulle photographe. Shootings de collections ou produits.\" \/>\n<meta name=\"robots\" content=\"index, follow, max-snippet:-1, max-image-preview:large, max-video-preview:-1\" \/>\n<link rel=\"canonical\" href=\"https:\/\/mariedubrulle.com\/index.php\/shootings-mode\/\" \/>\n<meta property=\"og:locale\" content=\"fr_FR\" \/>\n<meta property=\"og:type\" content=\"article\" \/>\n<meta property=\"og:title\" content=\"Shootings modes ou \u00e9ditoriaux\" \/>\n<meta property=\"og:description\" content=\"D\u00e9couvrez ici tous les shootings mode ou \u00e9ditoriaux r\u00e9alis\u00e9s par Marie Dubrulle photographe. Shootings de collections ou produits.\" \/>\n<meta property=\"og:url\" content=\"https:\/\/mariedubrulle.com\/index.php\/shootings-mode\/\" \/>\n<meta property=\"og:site_name\" content=\"Marie Dubrulle Photographie\" \/>\n<meta property=\"article:modified_time\" content=\"2024-11-22T09:56:51+00:00\" \/>\n<meta property=\"og:image\" content=\"https:\/\/mariedubrulle.com\/wp-content\/uploads\/Photographe-mode-Nord-15.jpg\" \/>\n\t<meta property=\"og:image:width\" content=\"2500\" \/>\n\t<meta property=\"og:image:height\" content=\"1663\" \/>\n\t<meta property=\"og:image:type\" content=\"image\/jpeg\" \/>\n<meta name=\"twitter:card\" content=\"summary_large_image\" \/>\n<meta name=\"twitter:label1\" content=\"Dur\u00e9e de lecture estim\u00e9e\" \/>\n\t<meta name=\"twitter:data1\" content=\"2 minutes\" \/>\n<script type=\"application\/ld+json\" class=\"yoast-schema-graph\">{\"@context\":\"https:\\\/\\\/schema.org\",\"@graph\":[{\"@type\":\"WebPage\",\"@id\":\"https:\\\/\\\/mariedubrulle.com\\\/index.php\\\/shootings-mode\\\/\",\"url\":\"https:\\\/\\\/mariedubrulle.com\\\/index.php\\\/shootings-mode\\\/\",\"name\":\"Shootings modes ou \u00e9ditoriaux\",\"isPartOf\":{\"@id\":\"https:\\\/\\\/mariedubrulle.com\\\/#website\"},\"primaryImageOfPage\":{\"@id\":\"https:\\\/\\\/mariedubrulle.com\\\/index.php\\\/shootings-mode\\\/#primaryimage\"},\"image\":{\"@id\":\"https:\\\/\\\/mariedubrulle.com\\\/index.php\\\/shootings-mode\\\/#primaryimage\"},\"thumbnailUrl\":\"https:\\\/\\\/mariedubrulle.com\\\/wp-content\\\/uploads\\\/Photographe-mode-Nord-15.jpg\",\"datePublished\":\"2023-01-04T12:39:04+00:00\",\"dateModified\":\"2024-11-22T09:56:51+00:00\",\"description\":\"D\u00e9couvrez ici tous les shootings mode ou \u00e9ditoriaux r\u00e9alis\u00e9s par Marie Dubrulle photographe. Shootings de collections ou produits.\",\"breadcrumb\":{\"@id\":\"https:\\\/\\\/mariedubrulle.com\\\/index.php\\\/shootings-mode\\\/#breadcrumb\"},\"inLanguage\":\"fr-FR\",\"potentialAction\":[{\"@type\":\"ReadAction\",\"target\":[\"https:\\\/\\\/mariedubrulle.com\\\/index.php\\\/shootings-mode\\\/\"]}]},{\"@type\":\"ImageObject\",\"inLanguage\":\"fr-FR\",\"@id\":\"https:\\\/\\\/mariedubrulle.com\\\/index.php\\\/shootings-mode\\\/#primaryimage\",\"url\":\"https:\\\/\\\/mariedubrulle.com\\\/wp-content\\\/uploads\\\/Photographe-mode-Nord-15.jpg\",\"contentUrl\":\"https:\\\/\\\/mariedubrulle.com\\\/wp-content\\\/uploads\\\/Photographe-mode-Nord-15.jpg\",\"width\":2500,\"height\":1663,\"caption\":\"Questions \u00e0 la photographe\"},{\"@type\":\"BreadcrumbList\",\"@id\":\"https:\\\/\\\/mariedubrulle.com\\\/index.php\\\/shootings-mode\\\/#breadcrumb\",\"itemListElement\":[{\"@type\":\"ListItem\",\"position\":1,\"name\":\"Home\",\"item\":\"https:\\\/\\\/mariedubrulle.com\\\/\"},{\"@type\":\"ListItem\",\"position\":2,\"name\":\"PORTFOLIO MODE\"}]},{\"@type\":\"WebSite\",\"@id\":\"https:\\\/\\\/mariedubrulle.com\\\/#website\",\"url\":\"https:\\\/\\\/mariedubrulle.com\\\/\",\"name\":\"mariedubrullephotographie\",\"description\":\"Photographe de moments de vie\",\"publisher\":{\"@id\":\"https:\\\/\\\/mariedubrulle.com\\\/#\\\/schema\\\/person\\\/1439f191d35a8547a82f0ae860c21149\"},\"potentialAction\":[{\"@type\":\"SearchAction\",\"target\":{\"@type\":\"EntryPoint\",\"urlTemplate\":\"https:\\\/\\\/mariedubrulle.com\\\/?s={search_term_string}\"},\"query-input\":{\"@type\":\"PropertyValueSpecification\",\"valueRequired\":true,\"valueName\":\"search_term_string\"}}],\"inLanguage\":\"fr-FR\"},{\"@type\":[\"Person\",\"Organization\"],\"@id\":\"https:\\\/\\\/mariedubrulle.com\\\/#\\\/schema\\\/person\\\/1439f191d35a8547a82f0ae860c21149\",\"name\":\"marie.dubrulle\",\"image\":{\"@type\":\"ImageObject\",\"inLanguage\":\"fr-FR\",\"@id\":\"https:\\\/\\\/secure.gravatar.com\\\/avatar\\\/2db183aee1df97cfd08cd9300d37b56c62c42a951be146db4f5e3aa9aa39ee33?s=96&d=mm&r=g\",\"url\":\"https:\\\/\\\/secure.gravatar.com\\\/avatar\\\/2db183aee1df97cfd08cd9300d37b56c62c42a951be146db4f5e3aa9aa39ee33?s=96&d=mm&r=g\",\"contentUrl\":\"https:\\\/\\\/secure.gravatar.com\\\/avatar\\\/2db183aee1df97cfd08cd9300d37b56c62c42a951be146db4f5e3aa9aa39ee33?s=96&d=mm&r=g\",\"caption\":\"marie.dubrulle\"},\"logo\":{\"@id\":\"https:\\\/\\\/secure.gravatar.com\\\/avatar\\\/2db183aee1df97cfd08cd9300d37b56c62c42a951be146db4f5e3aa9aa39ee33?s=96&d=mm&r=g\"}}]}<\/script>\n<!-- \/ Yoast SEO plugin. -->","yoast_head_json":{"title":"Shootings modes ou \u00e9ditoriaux","description":"D\u00e9couvrez ici tous les shootings mode ou \u00e9ditoriaux r\u00e9alis\u00e9s par Marie Dubrulle photographe. Shootings de collections ou produits.","robots":{"index":"index","follow":"follow","max-snippet":"max-snippet:-1","max-image-preview":"max-image-preview:large","max-video-preview":"max-video-preview:-1"},"canonical":"https:\/\/mariedubrulle.com\/index.php\/shootings-mode\/","og_locale":"fr_FR","og_type":"article","og_title":"Shootings modes ou \u00e9ditoriaux","og_description":"D\u00e9couvrez ici tous les shootings mode ou \u00e9ditoriaux r\u00e9alis\u00e9s par Marie Dubrulle photographe. Shootings de collections ou produits.","og_url":"https:\/\/mariedubrulle.com\/index.php\/shootings-mode\/","og_site_name":"Marie Dubrulle Photographie","article_modified_time":"2024-11-22T09:56:51+00:00","og_image":[{"width":2500,"height":1663,"url":"https:\/\/mariedubrulle.com\/wp-content\/uploads\/Photographe-mode-Nord-15.jpg","type":"image\/jpeg"}],"twitter_card":"summary_large_image","twitter_misc":{"Dur\u00e9e de lecture estim\u00e9e":"2 minutes"},"schema":{"@context":"https:\/\/schema.org","@graph":[{"@type":"WebPage","@id":"https:\/\/mariedubrulle.com\/index.php\/shootings-mode\/","url":"https:\/\/mariedubrulle.com\/index.php\/shootings-mode\/","name":"Shootings modes ou \u00e9ditoriaux","isPartOf":{"@id":"https:\/\/mariedubrulle.com\/#website"},"primaryImageOfPage":{"@id":"https:\/\/mariedubrulle.com\/index.php\/shootings-mode\/#primaryimage"},"image":{"@id":"https:\/\/mariedubrulle.com\/index.php\/shootings-mode\/#primaryimage"},"thumbnailUrl":"https:\/\/mariedubrulle.com\/wp-content\/uploads\/Photographe-mode-Nord-15.jpg","datePublished":"2023-01-04T12:39:04+00:00","dateModified":"2024-11-22T09:56:51+00:00","description":"D\u00e9couvrez ici tous les shootings mode ou \u00e9ditoriaux r\u00e9alis\u00e9s par Marie Dubrulle photographe. Shootings de collections ou produits.","breadcrumb":{"@id":"https:\/\/mariedubrulle.com\/index.php\/shootings-mode\/#breadcrumb"},"inLanguage":"fr-FR","potentialAction":[{"@type":"ReadAction","target":["https:\/\/mariedubrulle.com\/index.php\/shootings-mode\/"]}]},{"@type":"ImageObject","inLanguage":"fr-FR","@id":"https:\/\/mariedubrulle.com\/index.php\/shootings-mode\/#primaryimage","url":"https:\/\/mariedubrulle.com\/wp-content\/uploads\/Photographe-mode-Nord-15.jpg","contentUrl":"https:\/\/mariedubrulle.com\/wp-content\/uploads\/Photographe-mode-Nord-15.jpg","width":2500,"height":1663,"caption":"Questions \u00e0 la photographe"},{"@type":"BreadcrumbList","@id":"https:\/\/mariedubrulle.com\/index.php\/shootings-mode\/#breadcrumb","itemListElement":[{"@type":"ListItem","position":1,"name":"Home","item":"https:\/\/mariedubrulle.com\/"},{"@type":"ListItem","position":2,"name":"PORTFOLIO MODE"}]},{"@type":"WebSite","@id":"https:\/\/mariedubrulle.com\/#website","url":"https:\/\/mariedubrulle.com\/","name":"mariedubrullephotographie","description":"Photographe de moments de vie","publisher":{"@id":"https:\/\/mariedubrulle.com\/#\/schema\/person\/1439f191d35a8547a82f0ae860c21149"},"potentialAction":[{"@type":"SearchAction","target":{"@type":"EntryPoint","urlTemplate":"https:\/\/mariedubrulle.com\/?s={search_term_string}"},"query-input":{"@type":"PropertyValueSpecification","valueRequired":true,"valueName":"search_term_string"}}],"inLanguage":"fr-FR"},{"@type":["Person","Organization"],"@id":"https:\/\/mariedubrulle.com\/#\/schema\/person\/1439f191d35a8547a82f0ae860c21149","name":"marie.dubrulle","image":{"@type":"ImageObject","inLanguage":"fr-FR","@id":"https:\/\/secure.gravatar.com\/avatar\/2db183aee1df97cfd08cd9300d37b56c62c42a951be146db4f5e3aa9aa39ee33?s=96&d=mm&r=g","url":"https:\/\/secure.gravatar.com\/avatar\/2db183aee1df97cfd08cd9300d37b56c62c42a951be146db4f5e3aa9aa39ee33?s=96&d=mm&r=g","contentUrl":"https:\/\/secure.gravatar.com\/avatar\/2db183aee1df97cfd08cd9300d37b56c62c42a951be146db4f5e3aa9aa39ee33?s=96&d=mm&r=g","caption":"marie.dubrulle"},"logo":{"@id":"https:\/\/secure.gravatar.com\/avatar\/2db183aee1df97cfd08cd9300d37b56c62c42a951be146db4f5e3aa9aa39ee33?s=96&d=mm&r=g"}}]}},"_links":{"self":[{"href":"https:\/\/mariedubrulle.com\/index.php\/wp-json\/wp\/v2\/pages\/6799","targetHints":{"allow":["GET"]}}],"collection":[{"href":"https:\/\/mariedubrulle.com\/index.php\/wp-json\/wp\/v2\/pages"}],"about":[{"href":"https:\/\/mariedubrulle.com\/index.php\/wp-json\/wp\/v2\/types\/page"}],"author":[{"embeddable":true,"href":"https:\/\/mariedubrulle.com\/index.php\/wp-json\/wp\/v2\/users\/2"}],"replies":[{"embeddable":true,"href":"https:\/\/mariedubrulle.com\/index.php\/wp-json\/wp\/v2\/comments?post=6799"}],"version-history":[{"count":0,"href":"https:\/\/mariedubrulle.com\/index.php\/wp-json\/wp\/v2\/pages\/6799\/revisions"}],"wp:featuredmedia":[{"embeddable":true,"href":"https:\/\/mariedubrulle.com\/index.php\/wp-json\/wp\/v2\/media\/6594"}],"wp:attachment":[{"href":"https:\/\/mariedubrulle.com\/index.php\/wp-json\/wp\/v2\/media?parent=6799"}],"curies":[{"name":"wp","href":"https:\/\/api.w.org\/{rel}","templated":true}]}}