{"id":7490,"date":"2023-03-02T10:12:43","date_gmt":"2023-03-02T10:12:43","guid":{"rendered":"https:\/\/mariedubrulle.com\/?page_id=7490"},"modified":"2026-03-27T13:22:02","modified_gmt":"2026-03-27T13:22:02","slug":"photographe-yoga","status":"publish","type":"page","link":"https:\/\/mariedubrulle.com\/index.php\/photographe-yoga\/","title":{"rendered":"Photographe yoga &amp; sport : shooting studio, retraite et pratique sportive"},"content":{"rendered":"\n<h2 class=\"wp-block-heading\">Photographe yoga : de l&#8217;asana \u00e0 la philosophie<\/h2>\n\n\n\n<p>D\u00e9couvrez ici tous les shootings yoga r\u00e9alis\u00e9s, photographi\u00e9, ou pens\u00e9s par Marie Dubrulle. Photographe yoga<br>Que vous soyez un studio de yoga, un professeur de yoga, une marque de yoga, textile, ou accessoires, vous aurez besoin de vous cr\u00e9er une identit\u00e9 forte et donc de montrer aussi vos produits au travers de lookbooks par exemple. <\/p>\n\n\n\n<p>Un lookbook, une campagne de collection afin de donner une orientation \u00e0 votre collection, une identit\u00e9 qui puisse donner envie \u00e0 vos clients d&#8217;aller voir vos produits d&#8217;un peu plus pr\u00e8s.<\/p>\n\n\n\n<p>Ces shootings mode peuvent aussi tout simplement afin de cr\u00e9er des fiches produits avec vos produits port\u00e9s. Un produit port\u00e9 vaut mille mots. Nous pouvons donc \u00e9changer sur vos shootings produits hors packshots afin de mettre vos produits en situation.<\/p>\n\n\n\n<p>Il est important de montrer ce que vous savez faire. La philosophie que vous souhaitez partager, le lieu dans lequel vous le faites. <br>Le yoga, \u00e7a n&#8217;est pas seulement des postures \u00e0 enseigner. Mais une mani\u00e8re d&#8217;\u00eatre, de r\u00e9fl\u00e9chir, d&#8217;avancer, de s&#8217;ancrer<\/p>\n\n\n\n<p>D\u00e9couvrez par exemple le shooting r\u00e9alis\u00e9 avec <a href=\"https:\/\/backoffice.bsport.io\/m\/OASIS\/1039\/calendar\/?\">Hortiie<\/a>. Ce shooting m&#8217;a \u00e9t\u00e9 directement inspir\u00e9 par cette yogi passionn\u00e9e qui sait faire voyager<br><\/p>\n\n\n\n<p>Marie est photographe, et pratique le yoga depuis quelques temps. Ce sport qu&#8217;elle ne connaissait que peu et n&#8217;envisageait pas pour elle a \u00e9t\u00e9 une r\u00e9v\u00e9lation. Aujourd&#8217;hui, il ne se passe pas 2 jours sans qu&#8217;elle ressente ce besoin, cette envie de pratiquer. M\u00e9ditation, vinyasa, rocket, m\u00e9ditation&#8230; Elle vous permet de mettre en valeur vos produits \u00e0 travers des shootings et des photos personnalis\u00e9s. Elle vous accompagne au mieux afin d&#8217;afiner vos besoins et de vous aider \u00e0 trouver votre identit\u00e9 graphique.<br><\/p>\n","protected":false},"excerpt":{"rendered":"<p>Photographe yoga : de l&#8217;asana \u00e0 la philosophie D\u00e9couvrez ici tous les shootings yoga r\u00e9alis\u00e9s, photographi\u00e9, ou pens\u00e9s par Marie Dubrulle. Photographe yogaQue vous soyez un studio de yoga, un professeur de yoga, une marque de yoga, textile, ou accessoires, vous aurez besoin de vous cr\u00e9er une identit\u00e9 forte et donc de montrer aussi vos [&hellip;]<\/p>\n","protected":false},"author":2,"featured_media":7491,"parent":0,"menu_order":0,"comment_status":"closed","ping_status":"closed","template":"","meta":{"narrative_post_script":"","footnotes":""},"class_list":["post-7490","page","type-page","status-publish","has-post-thumbnail"],"yoast_head":"<!-- This site is optimized with the Yoast SEO plugin v27.5 - https:\/\/yoast.com\/product\/yoast-seo-wordpress\/ -->\n<title>Photographe yoga - shooting studio et retraite | Marie Dubrulle<\/title>\n<meta name=\"description\" content=\"Marie, photographe yoga a \u00e9t\u00e9 \u00e9mue par ce sport, cette philosophie qui va au-del\u00e0 des asanas. Elle veut vous aider \u00e0 en parler en images\" \/>\n<meta name=\"robots\" content=\"index, follow, max-snippet:-1, max-image-preview:large, max-video-preview:-1\" \/>\n<link rel=\"canonical\" href=\"https:\/\/mariedubrulle.com\/index.php\/photographe-yoga\/\" \/>\n<meta property=\"og:locale\" content=\"fr_FR\" \/>\n<meta property=\"og:type\" content=\"article\" \/>\n<meta property=\"og:title\" content=\"Photographe yoga - shooting studio et retraite | Marie Dubrulle\" \/>\n<meta property=\"og:description\" content=\"Marie, photographe yoga a \u00e9t\u00e9 \u00e9mue par ce sport, cette philosophie qui va au-del\u00e0 des asanas. Elle veut vous aider \u00e0 en parler en images\" \/>\n<meta property=\"og:url\" content=\"https:\/\/mariedubrulle.com\/index.php\/photographe-yoga\/\" \/>\n<meta property=\"og:site_name\" content=\"Marie Dubrulle Photographie\" \/>\n<meta property=\"article:modified_time\" content=\"2026-03-27T13:22:02+00:00\" \/>\n<meta property=\"og:image\" content=\"https:\/\/mariedubrulle.com\/wp-content\/uploads\/Photographe-Yoga-Lille-49-scaled.jpg\" \/>\n\t<meta property=\"og:image:width\" content=\"1703\" \/>\n\t<meta property=\"og:image:height\" content=\"2560\" \/>\n\t<meta property=\"og:image:type\" content=\"image\/jpeg\" \/>\n<meta name=\"twitter:card\" content=\"summary_large_image\" \/>\n<meta name=\"twitter:label1\" content=\"Dur\u00e9e de lecture estim\u00e9e\" \/>\n\t<meta name=\"twitter:data1\" content=\"2 minutes\" \/>\n<script type=\"application\/ld+json\" class=\"yoast-schema-graph\">{\"@context\":\"https:\\\/\\\/schema.org\",\"@graph\":[{\"@type\":\"WebPage\",\"@id\":\"https:\\\/\\\/mariedubrulle.com\\\/index.php\\\/photographe-yoga\\\/\",\"url\":\"https:\\\/\\\/mariedubrulle.com\\\/index.php\\\/photographe-yoga\\\/\",\"name\":\"Photographe yoga - shooting studio et retraite | Marie Dubrulle\",\"isPartOf\":{\"@id\":\"https:\\\/\\\/mariedubrulle.com\\\/#website\"},\"primaryImageOfPage\":{\"@id\":\"https:\\\/\\\/mariedubrulle.com\\\/index.php\\\/photographe-yoga\\\/#primaryimage\"},\"image\":{\"@id\":\"https:\\\/\\\/mariedubrulle.com\\\/index.php\\\/photographe-yoga\\\/#primaryimage\"},\"thumbnailUrl\":\"https:\\\/\\\/mariedubrulle.com\\\/wp-content\\\/uploads\\\/Photographe-Yoga-Lille-49-scaled.jpg\",\"datePublished\":\"2023-03-02T10:12:43+00:00\",\"dateModified\":\"2026-03-27T13:22:02+00:00\",\"description\":\"Marie, photographe yoga a \u00e9t\u00e9 \u00e9mue par ce sport, cette philosophie qui va au-del\u00e0 des asanas. Elle veut vous aider \u00e0 en parler en images\",\"breadcrumb\":{\"@id\":\"https:\\\/\\\/mariedubrulle.com\\\/index.php\\\/photographe-yoga\\\/#breadcrumb\"},\"inLanguage\":\"fr-FR\",\"potentialAction\":[{\"@type\":\"ReadAction\",\"target\":[\"https:\\\/\\\/mariedubrulle.com\\\/index.php\\\/photographe-yoga\\\/\"]}]},{\"@type\":\"ImageObject\",\"inLanguage\":\"fr-FR\",\"@id\":\"https:\\\/\\\/mariedubrulle.com\\\/index.php\\\/photographe-yoga\\\/#primaryimage\",\"url\":\"https:\\\/\\\/mariedubrulle.com\\\/wp-content\\\/uploads\\\/Photographe-Yoga-Lille-49-scaled.jpg\",\"contentUrl\":\"https:\\\/\\\/mariedubrulle.com\\\/wp-content\\\/uploads\\\/Photographe-Yoga-Lille-49-scaled.jpg\",\"width\":1703,\"height\":2560,\"caption\":\"Photographe Yoga nord\"},{\"@type\":\"BreadcrumbList\",\"@id\":\"https:\\\/\\\/mariedubrulle.com\\\/index.php\\\/photographe-yoga\\\/#breadcrumb\",\"itemListElement\":[{\"@type\":\"ListItem\",\"position\":1,\"name\":\"Home\",\"item\":\"https:\\\/\\\/mariedubrulle.com\\\/\"},{\"@type\":\"ListItem\",\"position\":2,\"name\":\"Photographe yoga &amp; sport : shooting studio, retraite et pratique sportive\"}]},{\"@type\":\"WebSite\",\"@id\":\"https:\\\/\\\/mariedubrulle.com\\\/#website\",\"url\":\"https:\\\/\\\/mariedubrulle.com\\\/\",\"name\":\"mariedubrullephotographie\",\"description\":\"Photographe de moments de vie\",\"publisher\":{\"@id\":\"https:\\\/\\\/mariedubrulle.com\\\/#\\\/schema\\\/person\\\/1439f191d35a8547a82f0ae860c21149\"},\"potentialAction\":[{\"@type\":\"SearchAction\",\"target\":{\"@type\":\"EntryPoint\",\"urlTemplate\":\"https:\\\/\\\/mariedubrulle.com\\\/?s={search_term_string}\"},\"query-input\":{\"@type\":\"PropertyValueSpecification\",\"valueRequired\":true,\"valueName\":\"search_term_string\"}}],\"inLanguage\":\"fr-FR\"},{\"@type\":[\"Person\",\"Organization\"],\"@id\":\"https:\\\/\\\/mariedubrulle.com\\\/#\\\/schema\\\/person\\\/1439f191d35a8547a82f0ae860c21149\",\"name\":\"marie.dubrulle\",\"image\":{\"@type\":\"ImageObject\",\"inLanguage\":\"fr-FR\",\"@id\":\"https:\\\/\\\/secure.gravatar.com\\\/avatar\\\/2db183aee1df97cfd08cd9300d37b56c62c42a951be146db4f5e3aa9aa39ee33?s=96&d=mm&r=g\",\"url\":\"https:\\\/\\\/secure.gravatar.com\\\/avatar\\\/2db183aee1df97cfd08cd9300d37b56c62c42a951be146db4f5e3aa9aa39ee33?s=96&d=mm&r=g\",\"contentUrl\":\"https:\\\/\\\/secure.gravatar.com\\\/avatar\\\/2db183aee1df97cfd08cd9300d37b56c62c42a951be146db4f5e3aa9aa39ee33?s=96&d=mm&r=g\",\"caption\":\"marie.dubrulle\"},\"logo\":{\"@id\":\"https:\\\/\\\/secure.gravatar.com\\\/avatar\\\/2db183aee1df97cfd08cd9300d37b56c62c42a951be146db4f5e3aa9aa39ee33?s=96&d=mm&r=g\"}}]}<\/script>\n<!-- \/ Yoast SEO plugin. -->","yoast_head_json":{"title":"Photographe yoga - shooting studio et retraite | Marie Dubrulle","description":"Marie, photographe yoga a \u00e9t\u00e9 \u00e9mue par ce sport, cette philosophie qui va au-del\u00e0 des asanas. Elle veut vous aider \u00e0 en parler en images","robots":{"index":"index","follow":"follow","max-snippet":"max-snippet:-1","max-image-preview":"max-image-preview:large","max-video-preview":"max-video-preview:-1"},"canonical":"https:\/\/mariedubrulle.com\/index.php\/photographe-yoga\/","og_locale":"fr_FR","og_type":"article","og_title":"Photographe yoga - shooting studio et retraite | Marie Dubrulle","og_description":"Marie, photographe yoga a \u00e9t\u00e9 \u00e9mue par ce sport, cette philosophie qui va au-del\u00e0 des asanas. Elle veut vous aider \u00e0 en parler en images","og_url":"https:\/\/mariedubrulle.com\/index.php\/photographe-yoga\/","og_site_name":"Marie Dubrulle Photographie","article_modified_time":"2026-03-27T13:22:02+00:00","og_image":[{"width":1703,"height":2560,"url":"https:\/\/mariedubrulle.com\/wp-content\/uploads\/Photographe-Yoga-Lille-49-scaled.jpg","type":"image\/jpeg"}],"twitter_card":"summary_large_image","twitter_misc":{"Dur\u00e9e de lecture estim\u00e9e":"2 minutes"},"schema":{"@context":"https:\/\/schema.org","@graph":[{"@type":"WebPage","@id":"https:\/\/mariedubrulle.com\/index.php\/photographe-yoga\/","url":"https:\/\/mariedubrulle.com\/index.php\/photographe-yoga\/","name":"Photographe yoga - shooting studio et retraite | Marie Dubrulle","isPartOf":{"@id":"https:\/\/mariedubrulle.com\/#website"},"primaryImageOfPage":{"@id":"https:\/\/mariedubrulle.com\/index.php\/photographe-yoga\/#primaryimage"},"image":{"@id":"https:\/\/mariedubrulle.com\/index.php\/photographe-yoga\/#primaryimage"},"thumbnailUrl":"https:\/\/mariedubrulle.com\/wp-content\/uploads\/Photographe-Yoga-Lille-49-scaled.jpg","datePublished":"2023-03-02T10:12:43+00:00","dateModified":"2026-03-27T13:22:02+00:00","description":"Marie, photographe yoga a \u00e9t\u00e9 \u00e9mue par ce sport, cette philosophie qui va au-del\u00e0 des asanas. Elle veut vous aider \u00e0 en parler en images","breadcrumb":{"@id":"https:\/\/mariedubrulle.com\/index.php\/photographe-yoga\/#breadcrumb"},"inLanguage":"fr-FR","potentialAction":[{"@type":"ReadAction","target":["https:\/\/mariedubrulle.com\/index.php\/photographe-yoga\/"]}]},{"@type":"ImageObject","inLanguage":"fr-FR","@id":"https:\/\/mariedubrulle.com\/index.php\/photographe-yoga\/#primaryimage","url":"https:\/\/mariedubrulle.com\/wp-content\/uploads\/Photographe-Yoga-Lille-49-scaled.jpg","contentUrl":"https:\/\/mariedubrulle.com\/wp-content\/uploads\/Photographe-Yoga-Lille-49-scaled.jpg","width":1703,"height":2560,"caption":"Photographe Yoga nord"},{"@type":"BreadcrumbList","@id":"https:\/\/mariedubrulle.com\/index.php\/photographe-yoga\/#breadcrumb","itemListElement":[{"@type":"ListItem","position":1,"name":"Home","item":"https:\/\/mariedubrulle.com\/"},{"@type":"ListItem","position":2,"name":"Photographe yoga &amp; sport : shooting studio, retraite et pratique sportive"}]},{"@type":"WebSite","@id":"https:\/\/mariedubrulle.com\/#website","url":"https:\/\/mariedubrulle.com\/","name":"mariedubrullephotographie","description":"Photographe de moments de vie","publisher":{"@id":"https:\/\/mariedubrulle.com\/#\/schema\/person\/1439f191d35a8547a82f0ae860c21149"},"potentialAction":[{"@type":"SearchAction","target":{"@type":"EntryPoint","urlTemplate":"https:\/\/mariedubrulle.com\/?s={search_term_string}"},"query-input":{"@type":"PropertyValueSpecification","valueRequired":true,"valueName":"search_term_string"}}],"inLanguage":"fr-FR"},{"@type":["Person","Organization"],"@id":"https:\/\/mariedubrulle.com\/#\/schema\/person\/1439f191d35a8547a82f0ae860c21149","name":"marie.dubrulle","image":{"@type":"ImageObject","inLanguage":"fr-FR","@id":"https:\/\/secure.gravatar.com\/avatar\/2db183aee1df97cfd08cd9300d37b56c62c42a951be146db4f5e3aa9aa39ee33?s=96&d=mm&r=g","url":"https:\/\/secure.gravatar.com\/avatar\/2db183aee1df97cfd08cd9300d37b56c62c42a951be146db4f5e3aa9aa39ee33?s=96&d=mm&r=g","contentUrl":"https:\/\/secure.gravatar.com\/avatar\/2db183aee1df97cfd08cd9300d37b56c62c42a951be146db4f5e3aa9aa39ee33?s=96&d=mm&r=g","caption":"marie.dubrulle"},"logo":{"@id":"https:\/\/secure.gravatar.com\/avatar\/2db183aee1df97cfd08cd9300d37b56c62c42a951be146db4f5e3aa9aa39ee33?s=96&d=mm&r=g"}}]}},"_links":{"self":[{"href":"https:\/\/mariedubrulle.com\/index.php\/wp-json\/wp\/v2\/pages\/7490","targetHints":{"allow":["GET"]}}],"collection":[{"href":"https:\/\/mariedubrulle.com\/index.php\/wp-json\/wp\/v2\/pages"}],"about":[{"href":"https:\/\/mariedubrulle.com\/index.php\/wp-json\/wp\/v2\/types\/page"}],"author":[{"embeddable":true,"href":"https:\/\/mariedubrulle.com\/index.php\/wp-json\/wp\/v2\/users\/2"}],"replies":[{"embeddable":true,"href":"https:\/\/mariedubrulle.com\/index.php\/wp-json\/wp\/v2\/comments?post=7490"}],"version-history":[{"count":2,"href":"https:\/\/mariedubrulle.com\/index.php\/wp-json\/wp\/v2\/pages\/7490\/revisions"}],"predecessor-version":[{"id":9919,"href":"https:\/\/mariedubrulle.com\/index.php\/wp-json\/wp\/v2\/pages\/7490\/revisions\/9919"}],"wp:featuredmedia":[{"embeddable":true,"href":"https:\/\/mariedubrulle.com\/index.php\/wp-json\/wp\/v2\/media\/7491"}],"wp:attachment":[{"href":"https:\/\/mariedubrulle.com\/index.php\/wp-json\/wp\/v2\/media?parent=7490"}],"curies":[{"name":"wp","href":"https:\/\/api.w.org\/{rel}","templated":true}]}}