{"id":8442,"date":"2024-01-25T10:08:38","date_gmt":"2024-01-25T10:08:38","guid":{"rendered":"https:\/\/mariedubrulle.com\/?page_id=8442"},"modified":"2026-03-26T09:45:10","modified_gmt":"2026-03-26T09:45:10","slug":"formation","status":"publish","type":"page","link":"https:\/\/mariedubrulle.com\/index.php\/formation\/","title":{"rendered":"Formation one-to-one Coffee &#038; Tips."},"content":{"rendered":"\n<p><\/p>\n\n\n\n<p>Je te propose ici une formation one-to-one.<\/p>\n\n\n\n<p>Trouve les cl\u00e9s pour avancer dans ton business<\/p>\n\n\n\n<p>Que tu sois photographe amateur, ou professionnel qui te lances. Que tu sois \u00e0 ton compte depuis quelques temps d\u00e9j\u00e0 ou que tu penses \u00e0 te lancer. Nous avons tous des questions qui restent parfois sans r\u00e9ponse. <br>Des blocages que nous n&#8217;arrivons pas \u00e0 d\u00e9passer.<br>L&#8217;id\u00e9e de cette visio d&#8217;une heure ensemble, c&#8217;est de travailler sur TA probl\u00e9matique. Pas sur des sujets g\u00e9n\u00e9riques, mais sur ce que TOI tu as besoin de travailler pour pouvoir vivre de ta passion et faire de ton business un business p\u00e9renne.<\/p>\n\n\n\n<p>Ca n&#8217;est pas une formation g\u00e9n\u00e9rique, mais bien un \u00e9change pour aller en d\u00e9tails dans ton v\u00e9cu, tes probl\u00e9matiques.<\/p>\n\n\n\n<p>D\u00e9couvre <a href=\"https:\/\/mariedubrulle.com\/index.php\/mariages-et-lifestyle\/\">mon portfolio ici <\/a><\/p>\n\n\n\n<p>J&#8217;ai aussi pu \u00eatre publi\u00e9e dans d<a href=\"https:\/\/www.lamarieeauxpiedsnus.com\/vrai-mariage\/elopement-mercantour\/\">es blogs r\u00e9put\u00e9s comme La Mari\u00e9e aux pieds nus<\/a><\/p>\n\n\n\n<p>A mon d\u00e9but d&#8217;activit\u00e9, j&#8217;ai ressenti ce besoin de rencontrer des photographes pour \u00e9changer sur leur v\u00e9cu, leur exp\u00e9rience et ainsi recevoir un maximum de conseils pour me lancer au mieux. <br>J&#8217;ai aussi eu la chance d&#8217;accompagner une photographe sur 4 de ses mariages; ce qui m&#8217;a donn\u00e9 le courage et la l\u00e9gitimit\u00e9 pour enfin me lancer et faire mon premier mariage seule. C&#8217;est une journ\u00e9e importante, et il y a beaucoup de moments cl\u00e9s \u00e0 ne pas louper. <br>Alors, la pression est l\u00e0. Et l&#8217;exp\u00e9rience permet de mettre toutes les chances de sont c\u00f4t\u00e9 pour ne louper aucun moment. Savoir se placer, anticiper, r\u00e9agir. Les cl\u00e9s d&#8217;un photo reporter<\/p>\n","protected":false},"excerpt":{"rendered":"<p>Je te propose ici une formation one-to-one. Trouve les cl\u00e9s pour avancer dans ton business Que tu sois photographe amateur, ou professionnel qui te lances. Que tu sois \u00e0 ton compte depuis quelques temps d\u00e9j\u00e0 ou que tu penses \u00e0 te lancer. Nous avons tous des questions qui restent parfois sans r\u00e9ponse. Des blocages que [&hellip;]<\/p>\n","protected":false},"author":2,"featured_media":8461,"parent":0,"menu_order":0,"comment_status":"closed","ping_status":"closed","template":"","meta":{"narrative_post_script":"","footnotes":""},"class_list":["post-8442","page","type-page","status-publish","has-post-thumbnail"],"yoast_head":"<!-- This site is optimized with the Yoast SEO plugin v27.4 - https:\/\/yoast.com\/product\/yoast-seo-wordpress\/ -->\n<title>Formation one-to-one Coffee &amp; Tips. - Marie Dubrulle Photographie<\/title>\n<meta name=\"description\" content=\"Je te propose ici une formation one-to-one. Une heure ensemble pour travailler sur TA probl\u00e9matique pour pouvoir vivre de ta passion.\" \/>\n<meta name=\"robots\" content=\"noindex, nofollow\" \/>\n<meta property=\"og:locale\" content=\"fr_FR\" \/>\n<meta property=\"og:type\" content=\"article\" \/>\n<meta property=\"og:title\" content=\"Formation one-to-one Coffee &amp; Tips. - Marie Dubrulle Photographie\" \/>\n<meta property=\"og:description\" content=\"Je te propose ici une formation one-to-one. Une heure ensemble pour travailler sur TA probl\u00e9matique pour pouvoir vivre de ta passion.\" \/>\n<meta property=\"og:url\" content=\"https:\/\/mariedubrulle.com\/index.php\/formation\/\" \/>\n<meta property=\"og:site_name\" content=\"Marie Dubrulle Photographie\" \/>\n<meta property=\"article:modified_time\" content=\"2026-03-26T09:45:10+00:00\" \/>\n<meta property=\"og:image\" content=\"https:\/\/mariedubrulle.com\/wp-content\/uploads\/Photographe-restaurant-Lille-Nord-30.jpg\" \/>\n\t<meta property=\"og:image:width\" content=\"1663\" \/>\n\t<meta property=\"og:image:height\" content=\"2500\" \/>\n\t<meta property=\"og:image:type\" content=\"image\/jpeg\" \/>\n<meta name=\"twitter:card\" content=\"summary_large_image\" \/>\n<meta name=\"twitter:label1\" content=\"Dur\u00e9e de lecture estim\u00e9e\" \/>\n\t<meta name=\"twitter:data1\" content=\"7 minutes\" \/>\n<script type=\"application\/ld+json\" class=\"yoast-schema-graph\">{\"@context\":\"https:\\\/\\\/schema.org\",\"@graph\":[{\"@type\":\"WebPage\",\"@id\":\"https:\\\/\\\/mariedubrulle.com\\\/index.php\\\/formation\\\/\",\"url\":\"https:\\\/\\\/mariedubrulle.com\\\/index.php\\\/formation\\\/\",\"name\":\"Formation one-to-one Coffee & Tips. - Marie Dubrulle Photographie\",\"isPartOf\":{\"@id\":\"https:\\\/\\\/mariedubrulle.com\\\/#website\"},\"primaryImageOfPage\":{\"@id\":\"https:\\\/\\\/mariedubrulle.com\\\/index.php\\\/formation\\\/#primaryimage\"},\"image\":{\"@id\":\"https:\\\/\\\/mariedubrulle.com\\\/index.php\\\/formation\\\/#primaryimage\"},\"thumbnailUrl\":\"https:\\\/\\\/mariedubrulle.com\\\/wp-content\\\/uploads\\\/Photographe-restaurant-Lille-Nord-30.jpg\",\"datePublished\":\"2024-01-25T10:08:38+00:00\",\"dateModified\":\"2026-03-26T09:45:10+00:00\",\"description\":\"Je te propose ici une formation one-to-one. Une heure ensemble pour travailler sur TA probl\u00e9matique pour pouvoir vivre de ta passion.\",\"breadcrumb\":{\"@id\":\"https:\\\/\\\/mariedubrulle.com\\\/index.php\\\/formation\\\/#breadcrumb\"},\"inLanguage\":\"fr-FR\",\"potentialAction\":[{\"@type\":\"ReadAction\",\"target\":[\"https:\\\/\\\/mariedubrulle.com\\\/index.php\\\/formation\\\/\"]}]},{\"@type\":\"ImageObject\",\"inLanguage\":\"fr-FR\",\"@id\":\"https:\\\/\\\/mariedubrulle.com\\\/index.php\\\/formation\\\/#primaryimage\",\"url\":\"https:\\\/\\\/mariedubrulle.com\\\/wp-content\\\/uploads\\\/Photographe-restaurant-Lille-Nord-30.jpg\",\"contentUrl\":\"https:\\\/\\\/mariedubrulle.com\\\/wp-content\\\/uploads\\\/Photographe-restaurant-Lille-Nord-30.jpg\",\"width\":1663,\"height\":2500,\"caption\":\"Formation\"},{\"@type\":\"BreadcrumbList\",\"@id\":\"https:\\\/\\\/mariedubrulle.com\\\/index.php\\\/formation\\\/#breadcrumb\",\"itemListElement\":[{\"@type\":\"ListItem\",\"position\":1,\"name\":\"Home\",\"item\":\"https:\\\/\\\/mariedubrulle.com\\\/\"},{\"@type\":\"ListItem\",\"position\":2,\"name\":\"Formation one-to-one Coffee &#038; Tips.\"}]},{\"@type\":\"WebSite\",\"@id\":\"https:\\\/\\\/mariedubrulle.com\\\/#website\",\"url\":\"https:\\\/\\\/mariedubrulle.com\\\/\",\"name\":\"mariedubrullephotographie\",\"description\":\"Photographe de moments de vie\",\"publisher\":{\"@id\":\"https:\\\/\\\/mariedubrulle.com\\\/#\\\/schema\\\/person\\\/1439f191d35a8547a82f0ae860c21149\"},\"potentialAction\":[{\"@type\":\"SearchAction\",\"target\":{\"@type\":\"EntryPoint\",\"urlTemplate\":\"https:\\\/\\\/mariedubrulle.com\\\/?s={search_term_string}\"},\"query-input\":{\"@type\":\"PropertyValueSpecification\",\"valueRequired\":true,\"valueName\":\"search_term_string\"}}],\"inLanguage\":\"fr-FR\"},{\"@type\":[\"Person\",\"Organization\"],\"@id\":\"https:\\\/\\\/mariedubrulle.com\\\/#\\\/schema\\\/person\\\/1439f191d35a8547a82f0ae860c21149\",\"name\":\"marie.dubrulle\",\"image\":{\"@type\":\"ImageObject\",\"inLanguage\":\"fr-FR\",\"@id\":\"https:\\\/\\\/secure.gravatar.com\\\/avatar\\\/2db183aee1df97cfd08cd9300d37b56c62c42a951be146db4f5e3aa9aa39ee33?s=96&d=mm&r=g\",\"url\":\"https:\\\/\\\/secure.gravatar.com\\\/avatar\\\/2db183aee1df97cfd08cd9300d37b56c62c42a951be146db4f5e3aa9aa39ee33?s=96&d=mm&r=g\",\"contentUrl\":\"https:\\\/\\\/secure.gravatar.com\\\/avatar\\\/2db183aee1df97cfd08cd9300d37b56c62c42a951be146db4f5e3aa9aa39ee33?s=96&d=mm&r=g\",\"caption\":\"marie.dubrulle\"},\"logo\":{\"@id\":\"https:\\\/\\\/secure.gravatar.com\\\/avatar\\\/2db183aee1df97cfd08cd9300d37b56c62c42a951be146db4f5e3aa9aa39ee33?s=96&d=mm&r=g\"}}]}<\/script>\n<!-- \/ Yoast SEO plugin. -->","yoast_head_json":{"title":"Formation one-to-one Coffee & Tips. - Marie Dubrulle Photographie","description":"Je te propose ici une formation one-to-one. Une heure ensemble pour travailler sur TA probl\u00e9matique pour pouvoir vivre de ta passion.","robots":{"index":"noindex","follow":"nofollow"},"og_locale":"fr_FR","og_type":"article","og_title":"Formation one-to-one Coffee & Tips. - Marie Dubrulle Photographie","og_description":"Je te propose ici une formation one-to-one. Une heure ensemble pour travailler sur TA probl\u00e9matique pour pouvoir vivre de ta passion.","og_url":"https:\/\/mariedubrulle.com\/index.php\/formation\/","og_site_name":"Marie Dubrulle Photographie","article_modified_time":"2026-03-26T09:45:10+00:00","og_image":[{"width":1663,"height":2500,"url":"https:\/\/mariedubrulle.com\/wp-content\/uploads\/Photographe-restaurant-Lille-Nord-30.jpg","type":"image\/jpeg"}],"twitter_card":"summary_large_image","twitter_misc":{"Dur\u00e9e de lecture estim\u00e9e":"7 minutes"},"schema":{"@context":"https:\/\/schema.org","@graph":[{"@type":"WebPage","@id":"https:\/\/mariedubrulle.com\/index.php\/formation\/","url":"https:\/\/mariedubrulle.com\/index.php\/formation\/","name":"Formation one-to-one Coffee & Tips. - Marie Dubrulle Photographie","isPartOf":{"@id":"https:\/\/mariedubrulle.com\/#website"},"primaryImageOfPage":{"@id":"https:\/\/mariedubrulle.com\/index.php\/formation\/#primaryimage"},"image":{"@id":"https:\/\/mariedubrulle.com\/index.php\/formation\/#primaryimage"},"thumbnailUrl":"https:\/\/mariedubrulle.com\/wp-content\/uploads\/Photographe-restaurant-Lille-Nord-30.jpg","datePublished":"2024-01-25T10:08:38+00:00","dateModified":"2026-03-26T09:45:10+00:00","description":"Je te propose ici une formation one-to-one. Une heure ensemble pour travailler sur TA probl\u00e9matique pour pouvoir vivre de ta passion.","breadcrumb":{"@id":"https:\/\/mariedubrulle.com\/index.php\/formation\/#breadcrumb"},"inLanguage":"fr-FR","potentialAction":[{"@type":"ReadAction","target":["https:\/\/mariedubrulle.com\/index.php\/formation\/"]}]},{"@type":"ImageObject","inLanguage":"fr-FR","@id":"https:\/\/mariedubrulle.com\/index.php\/formation\/#primaryimage","url":"https:\/\/mariedubrulle.com\/wp-content\/uploads\/Photographe-restaurant-Lille-Nord-30.jpg","contentUrl":"https:\/\/mariedubrulle.com\/wp-content\/uploads\/Photographe-restaurant-Lille-Nord-30.jpg","width":1663,"height":2500,"caption":"Formation"},{"@type":"BreadcrumbList","@id":"https:\/\/mariedubrulle.com\/index.php\/formation\/#breadcrumb","itemListElement":[{"@type":"ListItem","position":1,"name":"Home","item":"https:\/\/mariedubrulle.com\/"},{"@type":"ListItem","position":2,"name":"Formation one-to-one Coffee &#038; Tips."}]},{"@type":"WebSite","@id":"https:\/\/mariedubrulle.com\/#website","url":"https:\/\/mariedubrulle.com\/","name":"mariedubrullephotographie","description":"Photographe de moments de vie","publisher":{"@id":"https:\/\/mariedubrulle.com\/#\/schema\/person\/1439f191d35a8547a82f0ae860c21149"},"potentialAction":[{"@type":"SearchAction","target":{"@type":"EntryPoint","urlTemplate":"https:\/\/mariedubrulle.com\/?s={search_term_string}"},"query-input":{"@type":"PropertyValueSpecification","valueRequired":true,"valueName":"search_term_string"}}],"inLanguage":"fr-FR"},{"@type":["Person","Organization"],"@id":"https:\/\/mariedubrulle.com\/#\/schema\/person\/1439f191d35a8547a82f0ae860c21149","name":"marie.dubrulle","image":{"@type":"ImageObject","inLanguage":"fr-FR","@id":"https:\/\/secure.gravatar.com\/avatar\/2db183aee1df97cfd08cd9300d37b56c62c42a951be146db4f5e3aa9aa39ee33?s=96&d=mm&r=g","url":"https:\/\/secure.gravatar.com\/avatar\/2db183aee1df97cfd08cd9300d37b56c62c42a951be146db4f5e3aa9aa39ee33?s=96&d=mm&r=g","contentUrl":"https:\/\/secure.gravatar.com\/avatar\/2db183aee1df97cfd08cd9300d37b56c62c42a951be146db4f5e3aa9aa39ee33?s=96&d=mm&r=g","caption":"marie.dubrulle"},"logo":{"@id":"https:\/\/secure.gravatar.com\/avatar\/2db183aee1df97cfd08cd9300d37b56c62c42a951be146db4f5e3aa9aa39ee33?s=96&d=mm&r=g"}}]}},"_links":{"self":[{"href":"https:\/\/mariedubrulle.com\/index.php\/wp-json\/wp\/v2\/pages\/8442","targetHints":{"allow":["GET"]}}],"collection":[{"href":"https:\/\/mariedubrulle.com\/index.php\/wp-json\/wp\/v2\/pages"}],"about":[{"href":"https:\/\/mariedubrulle.com\/index.php\/wp-json\/wp\/v2\/types\/page"}],"author":[{"embeddable":true,"href":"https:\/\/mariedubrulle.com\/index.php\/wp-json\/wp\/v2\/users\/2"}],"replies":[{"embeddable":true,"href":"https:\/\/mariedubrulle.com\/index.php\/wp-json\/wp\/v2\/comments?post=8442"}],"version-history":[{"count":2,"href":"https:\/\/mariedubrulle.com\/index.php\/wp-json\/wp\/v2\/pages\/8442\/revisions"}],"predecessor-version":[{"id":9834,"href":"https:\/\/mariedubrulle.com\/index.php\/wp-json\/wp\/v2\/pages\/8442\/revisions\/9834"}],"wp:featuredmedia":[{"embeddable":true,"href":"https:\/\/mariedubrulle.com\/index.php\/wp-json\/wp\/v2\/media\/8461"}],"wp:attachment":[{"href":"https:\/\/mariedubrulle.com\/index.php\/wp-json\/wp\/v2\/media?parent=8442"}],"curies":[{"name":"wp","href":"https:\/\/api.w.org\/{rel}","templated":true}]}}