{"id":9,"date":"2019-09-09T11:23:06","date_gmt":"2019-09-09T09:23:06","guid":{"rendered":"http:\/\/mariedubrulle.com\/?page_id=9"},"modified":"2024-11-22T14:14:45","modified_gmt":"2024-11-22T14:14:45","slug":"photographe-mariages-lille","status":"publish","type":"page","link":"https:\/\/mariedubrulle.com\/index.php\/photographe-mariages-lille\/","title":{"rendered":"A propos"},"content":{"rendered":"\n<h2 class=\"wp-block-heading\">Pourquoi photographe de mariage \u00e0 Lille ?<\/h2>\n\n\n\n<p>D\u00e9couvrez ici qui est Marie Dubrulle, pourquoi elle fait de la photo.<br>Elle est devenue photographe de mariages \u00e0 Lille et partout ailleurs en 2019 suite \u00e0 une reconversion professionnelle. Il lui tient \u00e0 coeur de vous faire revivre les plus beaux moments.<\/p>\n\n\n\n<p>Elle a rencontr\u00e9 la photo assez t\u00f4t gr\u00e2ce aux appareils argentiques. Tous ses proches y passaient, des albums en t\u00e9moignent encore. <br>Puis, le r\u00e9el d\u00e9clic \u00e0 eu lieu le jour du mariage civil de son beau fr\u00e8re. Il lui a \u00e9t\u00e9 confi\u00e9 le reportage photos lors de cette journ\u00e9e. Et elle a trouv\u00e9 \u00e7a incroyable. Prendre en photos ces gens beaux, bien habill\u00e9s, heureux, a \u00e9t\u00e9 un vrai plaisir. <br>Elle s&#8217;est rendue compte qu&#8217;observer tous ces invit\u00e9s pour en capturer la moindre \u00e9motion lui faisait vivre les choses de mani\u00e8re encore plus forte. Attentive \u00e0 chaque geste des mari\u00e9s ou leurs proches, le travail de photographe est l\u00e0 pour immortaliser de beaux moments. Pour se souvenir de ce que l&#8217;on a vu, v\u00e9cu, et pour d\u00e9couvrir toutes ces choses que l&#8217;on n&#8217;a pas pu voir cette journ\u00e9e l\u00e0, \u00e0 cause de l&#8217;effervescence, du monde, de l&#8217;animation.<\/p>\n\n\n\n<p>Photographe de mariages, c&#8217;est partager un beau moment de vie avec des gens heureux et leur cr\u00e9er leurs souvenirs pour eux, et la post\u00e9rit\u00e9<\/p>\n","protected":false},"excerpt":{"rendered":"<p>Pourquoi photographe de mariage \u00e0 Lille ? D\u00e9couvrez ici qui est Marie Dubrulle, pourquoi elle fait de la photo.Elle est devenue photographe de mariages \u00e0 Lille et partout ailleurs en 2019 suite \u00e0 une reconversion professionnelle. Il lui tient \u00e0 coeur de vous faire revivre les plus beaux moments. Elle a rencontr\u00e9 la photo assez [&hellip;]<\/p>\n","protected":false},"author":2,"featured_media":6154,"parent":0,"menu_order":0,"comment_status":"closed","ping_status":"closed","template":"","meta":{"narrative_post_script":"","footnotes":""},"class_list":["post-9","page","type-page","status-publish","has-post-thumbnail"],"yoast_head":"<!-- This site is optimized with the Yoast SEO plugin v27.4 - https:\/\/yoast.com\/product\/yoast-seo-wordpress\/ -->\n<title>Photographe Mariage \u00e0 Lille | Marie Dubrulle<\/title>\n<meta name=\"description\" content=\"Photographe mariage \u00e0 Lille, Marie Dubrulle est situ\u00e9e \u00e0 Lille, Nord. Elle se d\u00e9place partout pour vos c\u00e9r\u00e9monies et autres projets.\" \/>\n<meta name=\"robots\" content=\"index, follow, max-snippet:-1, max-image-preview:large, max-video-preview:-1\" \/>\n<link rel=\"canonical\" href=\"https:\/\/mariedubrulle.com\/index.php\/photographe-mariages-lille\/\" \/>\n<meta property=\"og:locale\" content=\"fr_FR\" \/>\n<meta property=\"og:type\" content=\"article\" \/>\n<meta property=\"og:title\" content=\"Marie Dubrulle, photographe de moments de vie. D\u00e9couvrez en plus ici.\" \/>\n<meta property=\"og:description\" content=\"Photographe de mariage et de famille lifestyle \u00e0 Lille et partout dans le monde. D\u00e9couvrez en plus sur Marie Dubrulle, photographe de mariage et de famille lifestyle sur Lille, et partout dans le monde.\" \/>\n<meta property=\"og:url\" content=\"https:\/\/mariedubrulle.com\/index.php\/photographe-mariages-lille\/\" \/>\n<meta property=\"og:site_name\" content=\"Marie Dubrulle Photographie\" \/>\n<meta property=\"article:modified_time\" content=\"2024-11-22T14:14:45+00:00\" \/>\n<meta property=\"og:image\" content=\"https:\/\/mariedubrulle.com\/wp-content\/uploads\/maried-01443_opt.jpg\" \/>\n\t<meta property=\"og:image:width\" content=\"500\" \/>\n\t<meta property=\"og:image:height\" content=\"702\" \/>\n\t<meta property=\"og:image:type\" content=\"image\/jpeg\" \/>\n<meta name=\"twitter:card\" content=\"summary_large_image\" \/>\n<meta name=\"twitter:title\" content=\"Marie Dubrulle, photographe de moments de vie. D\u00e9couvrez en plus ici.\" \/>\n<meta name=\"twitter:description\" content=\"Photographe de mariage et de famille lifestyle \u00e0 Lille et partout dans le monde. D\u00e9couvrez en plus sur Marie Dubrulle, photographe de mariage et de famille lifestyle sur Lille, et partout dans le monde.\" \/>\n<meta name=\"twitter:image\" content=\"https:\/\/mariedubrulle.com\/wp-content\/uploads\/maried-01443_opt.jpg\" \/>\n<meta name=\"twitter:label1\" content=\"Dur\u00e9e de lecture estim\u00e9e\" \/>\n\t<meta name=\"twitter:data1\" content=\"6 minutes\" \/>\n<script type=\"application\/ld+json\" class=\"yoast-schema-graph\">{\"@context\":\"https:\\\/\\\/schema.org\",\"@graph\":[{\"@type\":\"WebPage\",\"@id\":\"https:\\\/\\\/mariedubrulle.com\\\/index.php\\\/photographe-mariages-lille\\\/\",\"url\":\"https:\\\/\\\/mariedubrulle.com\\\/index.php\\\/photographe-mariages-lille\\\/\",\"name\":\"Photographe Mariage \u00e0 Lille | Marie Dubrulle\",\"isPartOf\":{\"@id\":\"https:\\\/\\\/mariedubrulle.com\\\/#website\"},\"primaryImageOfPage\":{\"@id\":\"https:\\\/\\\/mariedubrulle.com\\\/index.php\\\/photographe-mariages-lille\\\/#primaryimage\"},\"image\":{\"@id\":\"https:\\\/\\\/mariedubrulle.com\\\/index.php\\\/photographe-mariages-lille\\\/#primaryimage\"},\"thumbnailUrl\":\"https:\\\/\\\/mariedubrulle.com\\\/wp-content\\\/uploads\\\/Photographe-mariage-Lille-Nord-1-2.jpg\",\"datePublished\":\"2019-09-09T09:23:06+00:00\",\"dateModified\":\"2024-11-22T14:14:45+00:00\",\"description\":\"Photographe mariage \u00e0 Lille, Marie Dubrulle est situ\u00e9e \u00e0 Lille, Nord. Elle se d\u00e9place partout pour vos c\u00e9r\u00e9monies et autres projets.\",\"breadcrumb\":{\"@id\":\"https:\\\/\\\/mariedubrulle.com\\\/index.php\\\/photographe-mariages-lille\\\/#breadcrumb\"},\"inLanguage\":\"fr-FR\",\"potentialAction\":[{\"@type\":\"ReadAction\",\"target\":[\"https:\\\/\\\/mariedubrulle.com\\\/index.php\\\/photographe-mariages-lille\\\/\"]}]},{\"@type\":\"ImageObject\",\"inLanguage\":\"fr-FR\",\"@id\":\"https:\\\/\\\/mariedubrulle.com\\\/index.php\\\/photographe-mariages-lille\\\/#primaryimage\",\"url\":\"https:\\\/\\\/mariedubrulle.com\\\/wp-content\\\/uploads\\\/Photographe-mariage-Lille-Nord-1-2.jpg\",\"contentUrl\":\"https:\\\/\\\/mariedubrulle.com\\\/wp-content\\\/uploads\\\/Photographe-mariage-Lille-Nord-1-2.jpg\",\"width\":1663,\"height\":2500,\"caption\":\"Portrait photographe\"},{\"@type\":\"BreadcrumbList\",\"@id\":\"https:\\\/\\\/mariedubrulle.com\\\/index.php\\\/photographe-mariages-lille\\\/#breadcrumb\",\"itemListElement\":[{\"@type\":\"ListItem\",\"position\":1,\"name\":\"Home\",\"item\":\"https:\\\/\\\/mariedubrulle.com\\\/\"},{\"@type\":\"ListItem\",\"position\":2,\"name\":\"A propos\"}]},{\"@type\":\"WebSite\",\"@id\":\"https:\\\/\\\/mariedubrulle.com\\\/#website\",\"url\":\"https:\\\/\\\/mariedubrulle.com\\\/\",\"name\":\"mariedubrullephotographie\",\"description\":\"Photographe de moments de vie\",\"publisher\":{\"@id\":\"https:\\\/\\\/mariedubrulle.com\\\/#\\\/schema\\\/person\\\/1439f191d35a8547a82f0ae860c21149\"},\"potentialAction\":[{\"@type\":\"SearchAction\",\"target\":{\"@type\":\"EntryPoint\",\"urlTemplate\":\"https:\\\/\\\/mariedubrulle.com\\\/?s={search_term_string}\"},\"query-input\":{\"@type\":\"PropertyValueSpecification\",\"valueRequired\":true,\"valueName\":\"search_term_string\"}}],\"inLanguage\":\"fr-FR\"},{\"@type\":[\"Person\",\"Organization\"],\"@id\":\"https:\\\/\\\/mariedubrulle.com\\\/#\\\/schema\\\/person\\\/1439f191d35a8547a82f0ae860c21149\",\"name\":\"marie.dubrulle\",\"image\":{\"@type\":\"ImageObject\",\"inLanguage\":\"fr-FR\",\"@id\":\"https:\\\/\\\/secure.gravatar.com\\\/avatar\\\/2db183aee1df97cfd08cd9300d37b56c62c42a951be146db4f5e3aa9aa39ee33?s=96&d=mm&r=g\",\"url\":\"https:\\\/\\\/secure.gravatar.com\\\/avatar\\\/2db183aee1df97cfd08cd9300d37b56c62c42a951be146db4f5e3aa9aa39ee33?s=96&d=mm&r=g\",\"contentUrl\":\"https:\\\/\\\/secure.gravatar.com\\\/avatar\\\/2db183aee1df97cfd08cd9300d37b56c62c42a951be146db4f5e3aa9aa39ee33?s=96&d=mm&r=g\",\"caption\":\"marie.dubrulle\"},\"logo\":{\"@id\":\"https:\\\/\\\/secure.gravatar.com\\\/avatar\\\/2db183aee1df97cfd08cd9300d37b56c62c42a951be146db4f5e3aa9aa39ee33?s=96&d=mm&r=g\"}}]}<\/script>\n<!-- \/ Yoast SEO plugin. -->","yoast_head_json":{"title":"Photographe Mariage \u00e0 Lille | Marie Dubrulle","description":"Photographe mariage \u00e0 Lille, Marie Dubrulle est situ\u00e9e \u00e0 Lille, Nord. Elle se d\u00e9place partout pour vos c\u00e9r\u00e9monies et autres projets.","robots":{"index":"index","follow":"follow","max-snippet":"max-snippet:-1","max-image-preview":"max-image-preview:large","max-video-preview":"max-video-preview:-1"},"canonical":"https:\/\/mariedubrulle.com\/index.php\/photographe-mariages-lille\/","og_locale":"fr_FR","og_type":"article","og_title":"Marie Dubrulle, photographe de moments de vie. D\u00e9couvrez en plus ici.","og_description":"Photographe de mariage et de famille lifestyle \u00e0 Lille et partout dans le monde. D\u00e9couvrez en plus sur Marie Dubrulle, photographe de mariage et de famille lifestyle sur Lille, et partout dans le monde.","og_url":"https:\/\/mariedubrulle.com\/index.php\/photographe-mariages-lille\/","og_site_name":"Marie Dubrulle Photographie","article_modified_time":"2024-11-22T14:14:45+00:00","og_image":[{"width":500,"height":702,"url":"https:\/\/mariedubrulle.com\/wp-content\/uploads\/maried-01443_opt.jpg","type":"image\/jpeg"}],"twitter_card":"summary_large_image","twitter_title":"Marie Dubrulle, photographe de moments de vie. D\u00e9couvrez en plus ici.","twitter_description":"Photographe de mariage et de famille lifestyle \u00e0 Lille et partout dans le monde. D\u00e9couvrez en plus sur Marie Dubrulle, photographe de mariage et de famille lifestyle sur Lille, et partout dans le monde.","twitter_image":"https:\/\/mariedubrulle.com\/wp-content\/uploads\/maried-01443_opt.jpg","twitter_misc":{"Dur\u00e9e de lecture estim\u00e9e":"6 minutes"},"schema":{"@context":"https:\/\/schema.org","@graph":[{"@type":"WebPage","@id":"https:\/\/mariedubrulle.com\/index.php\/photographe-mariages-lille\/","url":"https:\/\/mariedubrulle.com\/index.php\/photographe-mariages-lille\/","name":"Photographe Mariage \u00e0 Lille | Marie Dubrulle","isPartOf":{"@id":"https:\/\/mariedubrulle.com\/#website"},"primaryImageOfPage":{"@id":"https:\/\/mariedubrulle.com\/index.php\/photographe-mariages-lille\/#primaryimage"},"image":{"@id":"https:\/\/mariedubrulle.com\/index.php\/photographe-mariages-lille\/#primaryimage"},"thumbnailUrl":"https:\/\/mariedubrulle.com\/wp-content\/uploads\/Photographe-mariage-Lille-Nord-1-2.jpg","datePublished":"2019-09-09T09:23:06+00:00","dateModified":"2024-11-22T14:14:45+00:00","description":"Photographe mariage \u00e0 Lille, Marie Dubrulle est situ\u00e9e \u00e0 Lille, Nord. Elle se d\u00e9place partout pour vos c\u00e9r\u00e9monies et autres projets.","breadcrumb":{"@id":"https:\/\/mariedubrulle.com\/index.php\/photographe-mariages-lille\/#breadcrumb"},"inLanguage":"fr-FR","potentialAction":[{"@type":"ReadAction","target":["https:\/\/mariedubrulle.com\/index.php\/photographe-mariages-lille\/"]}]},{"@type":"ImageObject","inLanguage":"fr-FR","@id":"https:\/\/mariedubrulle.com\/index.php\/photographe-mariages-lille\/#primaryimage","url":"https:\/\/mariedubrulle.com\/wp-content\/uploads\/Photographe-mariage-Lille-Nord-1-2.jpg","contentUrl":"https:\/\/mariedubrulle.com\/wp-content\/uploads\/Photographe-mariage-Lille-Nord-1-2.jpg","width":1663,"height":2500,"caption":"Portrait photographe"},{"@type":"BreadcrumbList","@id":"https:\/\/mariedubrulle.com\/index.php\/photographe-mariages-lille\/#breadcrumb","itemListElement":[{"@type":"ListItem","position":1,"name":"Home","item":"https:\/\/mariedubrulle.com\/"},{"@type":"ListItem","position":2,"name":"A propos"}]},{"@type":"WebSite","@id":"https:\/\/mariedubrulle.com\/#website","url":"https:\/\/mariedubrulle.com\/","name":"mariedubrullephotographie","description":"Photographe de moments de vie","publisher":{"@id":"https:\/\/mariedubrulle.com\/#\/schema\/person\/1439f191d35a8547a82f0ae860c21149"},"potentialAction":[{"@type":"SearchAction","target":{"@type":"EntryPoint","urlTemplate":"https:\/\/mariedubrulle.com\/?s={search_term_string}"},"query-input":{"@type":"PropertyValueSpecification","valueRequired":true,"valueName":"search_term_string"}}],"inLanguage":"fr-FR"},{"@type":["Person","Organization"],"@id":"https:\/\/mariedubrulle.com\/#\/schema\/person\/1439f191d35a8547a82f0ae860c21149","name":"marie.dubrulle","image":{"@type":"ImageObject","inLanguage":"fr-FR","@id":"https:\/\/secure.gravatar.com\/avatar\/2db183aee1df97cfd08cd9300d37b56c62c42a951be146db4f5e3aa9aa39ee33?s=96&d=mm&r=g","url":"https:\/\/secure.gravatar.com\/avatar\/2db183aee1df97cfd08cd9300d37b56c62c42a951be146db4f5e3aa9aa39ee33?s=96&d=mm&r=g","contentUrl":"https:\/\/secure.gravatar.com\/avatar\/2db183aee1df97cfd08cd9300d37b56c62c42a951be146db4f5e3aa9aa39ee33?s=96&d=mm&r=g","caption":"marie.dubrulle"},"logo":{"@id":"https:\/\/secure.gravatar.com\/avatar\/2db183aee1df97cfd08cd9300d37b56c62c42a951be146db4f5e3aa9aa39ee33?s=96&d=mm&r=g"}}]}},"_links":{"self":[{"href":"https:\/\/mariedubrulle.com\/index.php\/wp-json\/wp\/v2\/pages\/9","targetHints":{"allow":["GET"]}}],"collection":[{"href":"https:\/\/mariedubrulle.com\/index.php\/wp-json\/wp\/v2\/pages"}],"about":[{"href":"https:\/\/mariedubrulle.com\/index.php\/wp-json\/wp\/v2\/types\/page"}],"author":[{"embeddable":true,"href":"https:\/\/mariedubrulle.com\/index.php\/wp-json\/wp\/v2\/users\/2"}],"replies":[{"embeddable":true,"href":"https:\/\/mariedubrulle.com\/index.php\/wp-json\/wp\/v2\/comments?post=9"}],"version-history":[{"count":0,"href":"https:\/\/mariedubrulle.com\/index.php\/wp-json\/wp\/v2\/pages\/9\/revisions"}],"wp:featuredmedia":[{"embeddable":true,"href":"https:\/\/mariedubrulle.com\/index.php\/wp-json\/wp\/v2\/media\/6154"}],"wp:attachment":[{"href":"https:\/\/mariedubrulle.com\/index.php\/wp-json\/wp\/v2\/media?parent=9"}],"curies":[{"name":"wp","href":"https:\/\/api.w.org\/{rel}","templated":true}]}}