{"id":9836,"date":"2026-03-27T10:33:46","date_gmt":"2026-03-27T10:33:46","guid":{"rendered":"https:\/\/mariedubrulle.com\/?page_id=9836"},"modified":"2026-03-27T13:47:43","modified_gmt":"2026-03-27T13:47:43","slug":"reportage-immersif-offres-entrepreneurs","status":"publish","type":"page","link":"https:\/\/mariedubrulle.com\/index.php\/reportage-immersif-offres-entrepreneurs\/","title":{"rendered":"MES OFFRES"},"content":{"rendered":"\n<h2 class=\"wp-block-heading has-medium-font-size\">Photographe de savoir faire sp\u00e9cialiste du reportage immersif.<\/h2>\n\n\n\n<p>Marie Dubrulle, photographe de savoir-faire, sp\u00e9cialiste du reportage immersif vous propose plusieurs offres cl\u00e9s en main. Pour un accompagnement 0 stress, pour un shooting dans la bonne humeur et des photos qui vous ressemblent r\u00e9ellement. <\/p>\n\n\n\n<h2 class=\"wp-block-heading has-medium-font-size\"><br>Mes objectifs ?<\/h2>\n\n\n\n<p>Vous permettre de vous lib\u00e9rer du temps et l&#8217;esprit pour vous permettre de vous concentrer sur votre zone de g\u00e9nie. <br>Vous permettre de mettre en lumi\u00e8re r\u00e9ellement votre savoir fair et votre personnalit\u00e9. <br>Rassurer, convaincre vos prospects par un contenu r\u00e9gulier, beau, professionnel.<\/p>\n\n\n\n<h2 class=\"wp-block-heading\">Mes objectifs ?<\/h2>\n\n\n\n<p>Lib\u00e9rez votre esprit et concentrez-vous sur votre zone de g\u00e9nie. Je r\u00e9alise vos reportages immersifs et vos contenus cl\u00e9s en main pour valoriser votre savoir-faire unique. Restaurateurs et organisateurs de retraites : rayonnez enfin avec authenticit\u00e9.<\/p>\n\n\n\n<p>D\u00e9l\u00e9guez votre communication \u00e0 une experte. De l&#8217;immersion visuelle \u00e0 la strat\u00e9gie digitale, je vous accompagne pour capturer l&#8217;essence de votre m\u00e9tier. Offres cl\u00e9s en main pour entrepreneurs passionn\u00e9s. Reprenez le contr\u00f4le de votre temps.<\/p>\n\n\n\n<p><\/p>\n","protected":false},"excerpt":{"rendered":"<p>Photographe de savoir faire sp\u00e9cialiste du reportage immersif. Marie Dubrulle, photographe de savoir-faire, sp\u00e9cialiste du reportage immersif vous propose plusieurs offres cl\u00e9s en main. Pour un accompagnement 0 stress, pour un shooting dans la bonne humeur et des photos qui vous ressemblent r\u00e9ellement. Mes objectifs ? Vous permettre de vous lib\u00e9rer du temps et l&#8217;esprit [&hellip;]<\/p>\n","protected":false},"author":2,"featured_media":0,"parent":0,"menu_order":0,"comment_status":"closed","ping_status":"closed","template":"","meta":{"narrative_post_script":"","footnotes":""},"class_list":["post-9836","page","type-page","status-publish"],"yoast_head":"<!-- This site is optimized with the Yoast SEO plugin v27.6 - https:\/\/yoast.com\/product\/yoast-seo-wordpress\/ -->\n<title>Reportage immersif &amp; Strat\u00e9gie Social Media<\/title>\n<meta name=\"description\" content=\"Sublimez votre savoir-faire avec un reportage immersif. Offres cl\u00e9s en main pour entrepreneurs. Retrouvez votre zone de g\u00e9nie !\" \/>\n<meta name=\"robots\" content=\"index, follow, max-snippet:-1, max-image-preview:large, max-video-preview:-1\" \/>\n<link rel=\"canonical\" href=\"https:\/\/mariedubrulle.com\/index.php\/reportage-immersif-offres-entrepreneurs\/\" \/>\n<meta property=\"og:locale\" content=\"fr_FR\" \/>\n<meta property=\"og:type\" content=\"article\" \/>\n<meta property=\"og:title\" content=\"Reportage immersif &amp; Strat\u00e9gie Social Media\" \/>\n<meta property=\"og:description\" content=\"Sublimez votre savoir-faire avec un reportage immersif. Offres cl\u00e9s en main pour entrepreneurs. Retrouvez votre zone de g\u00e9nie !\" \/>\n<meta property=\"og:url\" content=\"https:\/\/mariedubrulle.com\/index.php\/reportage-immersif-offres-entrepreneurs\/\" \/>\n<meta property=\"og:site_name\" content=\"Marie Dubrulle Photographie\" \/>\n<meta property=\"article:modified_time\" content=\"2026-03-27T13:47:43+00:00\" \/>\n<meta property=\"og:image\" content=\"https:\/\/mariedubrulle.com\/wp-content\/uploads\/Elopement-en-nor-Lille-MARIEDUBRULLE-160_opt.jpg\" \/>\n\t<meta property=\"og:image:width\" content=\"333\" \/>\n\t<meta property=\"og:image:height\" content=\"500\" \/>\n\t<meta property=\"og:image:type\" content=\"image\/jpeg\" \/>\n<meta name=\"twitter:card\" content=\"summary_large_image\" \/>\n<meta name=\"twitter:label1\" content=\"Dur\u00e9e de lecture estim\u00e9e\" \/>\n\t<meta name=\"twitter:data1\" content=\"6 minutes\" \/>\n<script type=\"application\/ld+json\" class=\"yoast-schema-graph\">{\"@context\":\"https:\\\/\\\/schema.org\",\"@graph\":[{\"@type\":\"WebPage\",\"@id\":\"https:\\\/\\\/mariedubrulle.com\\\/index.php\\\/reportage-immersif-offres-entrepreneurs\\\/\",\"url\":\"https:\\\/\\\/mariedubrulle.com\\\/index.php\\\/reportage-immersif-offres-entrepreneurs\\\/\",\"name\":\"Reportage immersif & Strat\u00e9gie Social Media\",\"isPartOf\":{\"@id\":\"https:\\\/\\\/mariedubrulle.com\\\/#website\"},\"datePublished\":\"2026-03-27T10:33:46+00:00\",\"dateModified\":\"2026-03-27T13:47:43+00:00\",\"description\":\"Sublimez votre savoir-faire avec un reportage immersif. Offres cl\u00e9s en main pour entrepreneurs. Retrouvez votre zone de g\u00e9nie !\",\"breadcrumb\":{\"@id\":\"https:\\\/\\\/mariedubrulle.com\\\/index.php\\\/reportage-immersif-offres-entrepreneurs\\\/#breadcrumb\"},\"inLanguage\":\"fr-FR\",\"potentialAction\":[{\"@type\":\"ReadAction\",\"target\":[\"https:\\\/\\\/mariedubrulle.com\\\/index.php\\\/reportage-immersif-offres-entrepreneurs\\\/\"]}]},{\"@type\":\"BreadcrumbList\",\"@id\":\"https:\\\/\\\/mariedubrulle.com\\\/index.php\\\/reportage-immersif-offres-entrepreneurs\\\/#breadcrumb\",\"itemListElement\":[{\"@type\":\"ListItem\",\"position\":1,\"name\":\"Home\",\"item\":\"https:\\\/\\\/mariedubrulle.com\\\/\"},{\"@type\":\"ListItem\",\"position\":2,\"name\":\"MES OFFRES\"}]},{\"@type\":\"WebSite\",\"@id\":\"https:\\\/\\\/mariedubrulle.com\\\/#website\",\"url\":\"https:\\\/\\\/mariedubrulle.com\\\/\",\"name\":\"mariedubrullephotographie\",\"description\":\"Photographe de moments de vie\",\"publisher\":{\"@id\":\"https:\\\/\\\/mariedubrulle.com\\\/#\\\/schema\\\/person\\\/1439f191d35a8547a82f0ae860c21149\"},\"potentialAction\":[{\"@type\":\"SearchAction\",\"target\":{\"@type\":\"EntryPoint\",\"urlTemplate\":\"https:\\\/\\\/mariedubrulle.com\\\/?s={search_term_string}\"},\"query-input\":{\"@type\":\"PropertyValueSpecification\",\"valueRequired\":true,\"valueName\":\"search_term_string\"}}],\"inLanguage\":\"fr-FR\"},{\"@type\":[\"Person\",\"Organization\"],\"@id\":\"https:\\\/\\\/mariedubrulle.com\\\/#\\\/schema\\\/person\\\/1439f191d35a8547a82f0ae860c21149\",\"name\":\"marie.dubrulle\",\"image\":{\"@type\":\"ImageObject\",\"inLanguage\":\"fr-FR\",\"@id\":\"https:\\\/\\\/secure.gravatar.com\\\/avatar\\\/2db183aee1df97cfd08cd9300d37b56c62c42a951be146db4f5e3aa9aa39ee33?s=96&d=mm&r=g\",\"url\":\"https:\\\/\\\/secure.gravatar.com\\\/avatar\\\/2db183aee1df97cfd08cd9300d37b56c62c42a951be146db4f5e3aa9aa39ee33?s=96&d=mm&r=g\",\"contentUrl\":\"https:\\\/\\\/secure.gravatar.com\\\/avatar\\\/2db183aee1df97cfd08cd9300d37b56c62c42a951be146db4f5e3aa9aa39ee33?s=96&d=mm&r=g\",\"caption\":\"marie.dubrulle\"},\"logo\":{\"@id\":\"https:\\\/\\\/secure.gravatar.com\\\/avatar\\\/2db183aee1df97cfd08cd9300d37b56c62c42a951be146db4f5e3aa9aa39ee33?s=96&d=mm&r=g\"}}]}<\/script>\n<!-- \/ Yoast SEO plugin. -->","yoast_head_json":{"title":"Reportage immersif & Strat\u00e9gie Social Media","description":"Sublimez votre savoir-faire avec un reportage immersif. Offres cl\u00e9s en main pour entrepreneurs. Retrouvez votre zone de g\u00e9nie !","robots":{"index":"index","follow":"follow","max-snippet":"max-snippet:-1","max-image-preview":"max-image-preview:large","max-video-preview":"max-video-preview:-1"},"canonical":"https:\/\/mariedubrulle.com\/index.php\/reportage-immersif-offres-entrepreneurs\/","og_locale":"fr_FR","og_type":"article","og_title":"Reportage immersif & Strat\u00e9gie Social Media","og_description":"Sublimez votre savoir-faire avec un reportage immersif. Offres cl\u00e9s en main pour entrepreneurs. Retrouvez votre zone de g\u00e9nie !","og_url":"https:\/\/mariedubrulle.com\/index.php\/reportage-immersif-offres-entrepreneurs\/","og_site_name":"Marie Dubrulle Photographie","article_modified_time":"2026-03-27T13:47:43+00:00","og_image":[{"width":333,"height":500,"url":"https:\/\/mariedubrulle.com\/wp-content\/uploads\/Elopement-en-nor-Lille-MARIEDUBRULLE-160_opt.jpg","type":"image\/jpeg"}],"twitter_card":"summary_large_image","twitter_misc":{"Dur\u00e9e de lecture estim\u00e9e":"6 minutes"},"schema":{"@context":"https:\/\/schema.org","@graph":[{"@type":"WebPage","@id":"https:\/\/mariedubrulle.com\/index.php\/reportage-immersif-offres-entrepreneurs\/","url":"https:\/\/mariedubrulle.com\/index.php\/reportage-immersif-offres-entrepreneurs\/","name":"Reportage immersif & Strat\u00e9gie Social Media","isPartOf":{"@id":"https:\/\/mariedubrulle.com\/#website"},"datePublished":"2026-03-27T10:33:46+00:00","dateModified":"2026-03-27T13:47:43+00:00","description":"Sublimez votre savoir-faire avec un reportage immersif. Offres cl\u00e9s en main pour entrepreneurs. Retrouvez votre zone de g\u00e9nie !","breadcrumb":{"@id":"https:\/\/mariedubrulle.com\/index.php\/reportage-immersif-offres-entrepreneurs\/#breadcrumb"},"inLanguage":"fr-FR","potentialAction":[{"@type":"ReadAction","target":["https:\/\/mariedubrulle.com\/index.php\/reportage-immersif-offres-entrepreneurs\/"]}]},{"@type":"BreadcrumbList","@id":"https:\/\/mariedubrulle.com\/index.php\/reportage-immersif-offres-entrepreneurs\/#breadcrumb","itemListElement":[{"@type":"ListItem","position":1,"name":"Home","item":"https:\/\/mariedubrulle.com\/"},{"@type":"ListItem","position":2,"name":"MES OFFRES"}]},{"@type":"WebSite","@id":"https:\/\/mariedubrulle.com\/#website","url":"https:\/\/mariedubrulle.com\/","name":"mariedubrullephotographie","description":"Photographe de moments de vie","publisher":{"@id":"https:\/\/mariedubrulle.com\/#\/schema\/person\/1439f191d35a8547a82f0ae860c21149"},"potentialAction":[{"@type":"SearchAction","target":{"@type":"EntryPoint","urlTemplate":"https:\/\/mariedubrulle.com\/?s={search_term_string}"},"query-input":{"@type":"PropertyValueSpecification","valueRequired":true,"valueName":"search_term_string"}}],"inLanguage":"fr-FR"},{"@type":["Person","Organization"],"@id":"https:\/\/mariedubrulle.com\/#\/schema\/person\/1439f191d35a8547a82f0ae860c21149","name":"marie.dubrulle","image":{"@type":"ImageObject","inLanguage":"fr-FR","@id":"https:\/\/secure.gravatar.com\/avatar\/2db183aee1df97cfd08cd9300d37b56c62c42a951be146db4f5e3aa9aa39ee33?s=96&d=mm&r=g","url":"https:\/\/secure.gravatar.com\/avatar\/2db183aee1df97cfd08cd9300d37b56c62c42a951be146db4f5e3aa9aa39ee33?s=96&d=mm&r=g","contentUrl":"https:\/\/secure.gravatar.com\/avatar\/2db183aee1df97cfd08cd9300d37b56c62c42a951be146db4f5e3aa9aa39ee33?s=96&d=mm&r=g","caption":"marie.dubrulle"},"logo":{"@id":"https:\/\/secure.gravatar.com\/avatar\/2db183aee1df97cfd08cd9300d37b56c62c42a951be146db4f5e3aa9aa39ee33?s=96&d=mm&r=g"}}]}},"_links":{"self":[{"href":"https:\/\/mariedubrulle.com\/index.php\/wp-json\/wp\/v2\/pages\/9836","targetHints":{"allow":["GET"]}}],"collection":[{"href":"https:\/\/mariedubrulle.com\/index.php\/wp-json\/wp\/v2\/pages"}],"about":[{"href":"https:\/\/mariedubrulle.com\/index.php\/wp-json\/wp\/v2\/types\/page"}],"author":[{"embeddable":true,"href":"https:\/\/mariedubrulle.com\/index.php\/wp-json\/wp\/v2\/users\/2"}],"replies":[{"embeddable":true,"href":"https:\/\/mariedubrulle.com\/index.php\/wp-json\/wp\/v2\/comments?post=9836"}],"version-history":[{"count":60,"href":"https:\/\/mariedubrulle.com\/index.php\/wp-json\/wp\/v2\/pages\/9836\/revisions"}],"predecessor-version":[{"id":9928,"href":"https:\/\/mariedubrulle.com\/index.php\/wp-json\/wp\/v2\/pages\/9836\/revisions\/9928"}],"wp:attachment":[{"href":"https:\/\/mariedubrulle.com\/index.php\/wp-json\/wp\/v2\/media?parent=9836"}],"curies":[{"name":"wp","href":"https:\/\/api.w.org\/{rel}","templated":true}]}}